{"id":138,"date":"2015-06-30T16:03:42","date_gmt":"2015-06-30T16:03:42","guid":{"rendered":"http:\/\/helemaure.fr\/?page_id=138"},"modified":"2024-05-12T09:28:59","modified_gmt":"2024-05-12T09:28:59","slug":"la-grande-chambre","status":"publish","type":"page","link":"https:\/\/helemaure.fr\/?page_id=138&lang=fr","title":{"rendered":"La grande chambre"},"content":{"rendered":"<p style=\"text-align: justify;\"><a href=\"https:\/\/helemaure.fr\/wp-content\/uploads\/2023\/04\/20230423_103118-scaled.jpg\"><img loading=\"lazy\" decoding=\"async\" class=\"alignright wp-image-951 size-medium\" src=\"https:\/\/helemaure.fr\/wp-content\/themes\/grey-opaque\/plugins\/lazy-load\/images\/1x1.trans.gif\" data-lazy-src=\"https:\/\/helemaure.fr\/wp-content\/uploads\/2023\/04\/20230423_103118-300x225.jpg\" alt=\"\" width=\"300\" height=\"225\" \/><noscript><img loading=\"lazy\" decoding=\"async\" class=\"alignright wp-image-951 size-medium\" src=\"https:\/\/helemaure.fr\/wp-content\/uploads\/2023\/04\/20230423_103118-300x225.jpg\" alt=\"\" width=\"300\" height=\"225\" srcset=\"https:\/\/helemaure.fr\/wp-content\/uploads\/2023\/04\/20230423_103118-300x225.jpg 300w, https:\/\/helemaure.fr\/wp-content\/uploads\/2023\/04\/20230423_103118-1024x768.jpg 1024w, https:\/\/helemaure.fr\/wp-content\/uploads\/2023\/04\/20230423_103118-768x576.jpg 768w, https:\/\/helemaure.fr\/wp-content\/uploads\/2023\/04\/20230423_103118-1536x1152.jpg 1536w, https:\/\/helemaure.fr\/wp-content\/uploads\/2023\/04\/20230423_103118-2048x1536.jpg 2048w\" sizes=\"(max-width: 300px) 100vw, 300px\" \/><\/noscript><\/a>Cette chambre est la plus grande de la maison. Elle convient parfaitement \u00e0 un couple avec un jeune enfant. Elle est situ\u00e9e \u00e0 l&#8217;\u00e9tage sup\u00e9rieur et poss\u00e8de un grand lit double de 160 et un lit simple ainsi qu&#8217;un coin bureau id\u00e9al pour travailler au calme.<\/p>\n<p style=\"text-align: justify;\">Elle dispose de la climatisation ainsi que de sa salle d&#8217;eau priv\u00e9e qui comprend une douche, une vasque et des toilettes.<\/p>\n<p style=\"text-align: justify;\"><a href=\"https:\/\/helemaure.fr\/wp-content\/uploads\/2023\/04\/20230423_103108-scaled.jpg\"><img loading=\"lazy\" decoding=\"async\" class=\"wp-image-952 size-thumbnail-loop alignleft\" src=\"https:\/\/helemaure.fr\/wp-content\/themes\/grey-opaque\/plugins\/lazy-load\/images\/1x1.trans.gif\" data-lazy-src=\"https:\/\/helemaure.fr\/wp-content\/uploads\/2023\/04\/20230423_103108-150x150.jpg\" alt=\"\" width=\"150\" height=\"150\" \/><noscript><img loading=\"lazy\" decoding=\"async\" class=\"wp-image-952 size-thumbnail-loop alignleft\" src=\"https:\/\/helemaure.fr\/wp-content\/uploads\/2023\/04\/20230423_103108-150x150.jpg\" alt=\"\" width=\"150\" height=\"150\" \/><\/noscript><\/a><a href=\"https:\/\/helemaure.fr\/wp-content\/uploads\/2015\/06\/Salle-de-bains-chambre-Dufy1.jpg\"><img loading=\"lazy\" decoding=\"async\" class=\"alignleft wp-image-143 size-thumbnail-loop\" src=\"https:\/\/helemaure.fr\/wp-content\/themes\/grey-opaque\/plugins\/lazy-load\/images\/1x1.trans.gif\" data-lazy-src=\"https:\/\/helemaure.fr\/wp-content\/uploads\/2015\/06\/Salle-de-bains-chambre-Dufy1-150x150.jpg\" alt=\"Salle de bains de la grande chambre\" width=\"150\" height=\"150\" \/><noscript><img loading=\"lazy\" decoding=\"async\" class=\"alignleft wp-image-143 size-thumbnail-loop\" src=\"https:\/\/helemaure.fr\/wp-content\/uploads\/2015\/06\/Salle-de-bains-chambre-Dufy1-150x150.jpg\" alt=\"Salle de bains de la grande chambre\" width=\"150\" height=\"150\" \/><\/noscript><\/a><a href=\"https:\/\/helemaure.fr\/wp-content\/uploads\/2015\/06\/La-grande-chambre-2.jpg\"><br \/>\n<\/a><\/p>\n","protected":false},"excerpt":{"rendered":"<p>Cette chambre est la plus grande de la maison. Elle convient parfaitement \u00e0 un couple avec un jeune enfant. Elle est situ\u00e9e \u00e0 l&#8217;\u00e9tage sup\u00e9rieur et poss\u00e8de un grand lit double de 160 et un lit simple ainsi qu&#8217;un coin &hellip; <a href=\"https:\/\/helemaure.fr\/?page_id=138&#038;lang=fr\">Continue reading <span class=\"meta-nav\">&rarr;<\/span><\/a><\/p>\n","protected":false},"author":1,"featured_media":0,"parent":0,"menu_order":0,"comment_status":"closed","ping_status":"closed","template":"","meta":{"footnotes":""},"_links":{"self":[{"href":"https:\/\/helemaure.fr\/index.php?rest_route=\/wp\/v2\/pages\/138"}],"collection":[{"href":"https:\/\/helemaure.fr\/index.php?rest_route=\/wp\/v2\/pages"}],"about":[{"href":"https:\/\/helemaure.fr\/index.php?rest_route=\/wp\/v2\/types\/page"}],"author":[{"embeddable":true,"href":"https:\/\/helemaure.fr\/index.php?rest_route=\/wp\/v2\/users\/1"}],"replies":[{"embeddable":true,"href":"https:\/\/helemaure.fr\/index.php?rest_route=%2Fwp%2Fv2%2Fcomments&post=138"}],"version-history":[{"count":7,"href":"https:\/\/helemaure.fr\/index.php?rest_route=\/wp\/v2\/pages\/138\/revisions"}],"predecessor-version":[{"id":989,"href":"https:\/\/helemaure.fr\/index.php?rest_route=\/wp\/v2\/pages\/138\/revisions\/989"}],"wp:attachment":[{"href":"https:\/\/helemaure.fr\/index.php?rest_route=%2Fwp%2Fv2%2Fmedia&parent=138"}],"curies":[{"name":"wp","href":"https:\/\/api.w.org\/{rel}","templated":true}]}}