{"id":160,"date":"2015-07-02T09:17:26","date_gmt":"2015-07-02T09:17:26","guid":{"rendered":"http:\/\/helemaure.fr\/?page_id=160"},"modified":"2015-07-02T10:21:55","modified_gmt":"2015-07-02T10:21:55","slug":"la-chambre-mandalay","status":"publish","type":"page","link":"https:\/\/helemaure.fr\/?page_id=160&lang=fr","title":{"rendered":"La chambre Mandalay"},"content":{"rendered":"<p style=\"text-align: justify;\"><a href=\"https:\/\/helemaure.fr\/wp-content\/uploads\/2015\/07\/La-chambre-Mandalay.jpg\"><img loading=\"lazy\" decoding=\"async\" class=\"alignright wp-image-178 size-medium\" src=\"https:\/\/helemaure.fr\/wp-content\/themes\/grey-opaque\/plugins\/lazy-load\/images\/1x1.trans.gif\" data-lazy-src=\"https:\/\/helemaure.fr\/wp-content\/uploads\/2015\/07\/La-chambre-Mandalay-300x199.jpg\" alt=\"La chambre Mandalay\" width=\"300\" height=\"199\" \/><noscript><img loading=\"lazy\" decoding=\"async\" class=\"alignright wp-image-178 size-medium\" src=\"https:\/\/helemaure.fr\/wp-content\/uploads\/2015\/07\/La-chambre-Mandalay-300x199.jpg\" alt=\"La chambre Mandalay\" width=\"300\" height=\"199\" srcset=\"https:\/\/helemaure.fr\/wp-content\/uploads\/2015\/07\/La-chambre-Mandalay-300x199.jpg 300w, https:\/\/helemaure.fr\/wp-content\/uploads\/2015\/07\/La-chambre-Mandalay.jpg 448w\" sizes=\"(max-width: 300px) 100vw, 300px\" \/><\/noscript><\/a>La chambre Mandalay est situ\u00e9e \u00e0 l&#8217;\u00e9tage inf\u00e9rieur de la maison. Elle poss\u00e8de deux lits simples et une d\u00e9coration qui \u00e9voque l&#8217;Asie<\/p>\n<p style=\"text-align: justify;\">Avec <a href=\"https:\/\/helemaure.fr\/?page_id=155\">la chambre du voyageur<\/a>, elle partage <a href=\"https:\/\/helemaure.fr\/?page_id=162\">la salle de bains d&#8217;en bas<\/a>.<\/p>\n","protected":false},"excerpt":{"rendered":"<p>La chambre Mandalay est situ\u00e9e \u00e0 l&#8217;\u00e9tage inf\u00e9rieur de la maison. Elle poss\u00e8de deux lits simples et une d\u00e9coration qui \u00e9voque l&#8217;Asie Avec la chambre du voyageur, elle partage la salle de bains d&#8217;en bas.<\/p>\n","protected":false},"author":1,"featured_media":0,"parent":0,"menu_order":0,"comment_status":"closed","ping_status":"closed","template":"","meta":{"footnotes":""},"_links":{"self":[{"href":"https:\/\/helemaure.fr\/index.php?rest_route=\/wp\/v2\/pages\/160"}],"collection":[{"href":"https:\/\/helemaure.fr\/index.php?rest_route=\/wp\/v2\/pages"}],"about":[{"href":"https:\/\/helemaure.fr\/index.php?rest_route=\/wp\/v2\/types\/page"}],"author":[{"embeddable":true,"href":"https:\/\/helemaure.fr\/index.php?rest_route=\/wp\/v2\/users\/1"}],"replies":[{"embeddable":true,"href":"https:\/\/helemaure.fr\/index.php?rest_route=%2Fwp%2Fv2%2Fcomments&post=160"}],"version-history":[{"count":3,"href":"https:\/\/helemaure.fr\/index.php?rest_route=\/wp\/v2\/pages\/160\/revisions"}],"predecessor-version":[{"id":179,"href":"https:\/\/helemaure.fr\/index.php?rest_route=\/wp\/v2\/pages\/160\/revisions\/179"}],"wp:attachment":[{"href":"https:\/\/helemaure.fr\/index.php?rest_route=%2Fwp%2Fv2%2Fmedia&parent=160"}],"curies":[{"name":"wp","href":"https:\/\/api.w.org\/{rel}","templated":true}]}}