{"id":203,"date":"2015-07-02T10:06:44","date_gmt":"2015-07-02T10:06:44","guid":{"rendered":"http:\/\/helemaure.fr\/?page_id=203"},"modified":"2024-05-12T09:29:28","modified_gmt":"2024-05-12T09:29:28","slug":"la-chambre-mucha","status":"publish","type":"page","link":"https:\/\/helemaure.fr\/?page_id=203&lang=fr","title":{"rendered":"La chambre toscane"},"content":{"rendered":"<p style=\"text-align: justify;\"><a href=\"https:\/\/helemaure.fr\/wp-content\/uploads\/2021\/04\/DSC_0003-scaled.jpg\"><img loading=\"lazy\" decoding=\"async\" class=\"alignright wp-image-907 size-medium\" src=\"https:\/\/helemaure.fr\/wp-content\/themes\/grey-opaque\/plugins\/lazy-load\/images\/1x1.trans.gif\" data-lazy-src=\"https:\/\/helemaure.fr\/wp-content\/uploads\/2021\/04\/DSC_0003-300x199.jpg\" alt=\"\" width=\"300\" height=\"199\" \/><noscript><img loading=\"lazy\" decoding=\"async\" class=\"alignright wp-image-907 size-medium\" src=\"https:\/\/helemaure.fr\/wp-content\/uploads\/2021\/04\/DSC_0003-300x199.jpg\" alt=\"\" width=\"300\" height=\"199\" srcset=\"https:\/\/helemaure.fr\/wp-content\/uploads\/2021\/04\/DSC_0003-300x199.jpg 300w, https:\/\/helemaure.fr\/wp-content\/uploads\/2021\/04\/DSC_0003-1024x681.jpg 1024w, https:\/\/helemaure.fr\/wp-content\/uploads\/2021\/04\/DSC_0003-768x511.jpg 768w, https:\/\/helemaure.fr\/wp-content\/uploads\/2021\/04\/DSC_0003-1536x1021.jpg 1536w, https:\/\/helemaure.fr\/wp-content\/uploads\/2021\/04\/DSC_0003-2048x1362.jpg 2048w\" sizes=\"(max-width: 300px) 100vw, 300px\" \/><\/noscript><\/a>La chambre toscane est situ\u00e9e \u00e0 l&#8217;\u00e9tage sup\u00e9rieur. Elle est nomm\u00e9e ainsi en raison de sa d\u00e9coration typique. Elle poss\u00e8de un grand lit double et dispose de la climatisation.<\/p>\n<p>Avec <a href=\"https:\/\/helemaure.fr\/?page_id=207\">la chambre Mykonos <\/a>elle partage <a href=\"https:\/\/helemaure.fr\/?page_id=198\">la salle de bains principale<\/a>.<\/p>\n<p><a href=\"https:\/\/helemaure.fr\/wp-content\/uploads\/2021\/04\/DSC_0004-scaled.jpg\"><img loading=\"lazy\" decoding=\"async\" class=\"alignright wp-image-908 size-medium\" src=\"https:\/\/helemaure.fr\/wp-content\/themes\/grey-opaque\/plugins\/lazy-load\/images\/1x1.trans.gif\" data-lazy-src=\"https:\/\/helemaure.fr\/wp-content\/uploads\/2021\/04\/DSC_0004-300x199.jpg\" alt=\"\" width=\"300\" height=\"199\" \/><noscript><img loading=\"lazy\" decoding=\"async\" class=\"alignright wp-image-908 size-medium\" src=\"https:\/\/helemaure.fr\/wp-content\/uploads\/2021\/04\/DSC_0004-300x199.jpg\" alt=\"\" width=\"300\" height=\"199\" srcset=\"https:\/\/helemaure.fr\/wp-content\/uploads\/2021\/04\/DSC_0004-300x199.jpg 300w, https:\/\/helemaure.fr\/wp-content\/uploads\/2021\/04\/DSC_0004-1024x681.jpg 1024w, https:\/\/helemaure.fr\/wp-content\/uploads\/2021\/04\/DSC_0004-768x511.jpg 768w, https:\/\/helemaure.fr\/wp-content\/uploads\/2021\/04\/DSC_0004-1536x1021.jpg 1536w, https:\/\/helemaure.fr\/wp-content\/uploads\/2021\/04\/DSC_0004-2048x1362.jpg 2048w\" sizes=\"(max-width: 300px) 100vw, 300px\" \/><\/noscript><\/a><\/p>\n","protected":false},"excerpt":{"rendered":"<p>La chambre toscane est situ\u00e9e \u00e0 l&#8217;\u00e9tage sup\u00e9rieur. Elle est nomm\u00e9e ainsi en raison de sa d\u00e9coration typique. Elle poss\u00e8de un grand lit double et dispose de la climatisation. Avec la chambre Mykonos elle partage la salle de bains principale.<\/p>\n","protected":false},"author":1,"featured_media":0,"parent":0,"menu_order":0,"comment_status":"closed","ping_status":"closed","template":"","meta":{"footnotes":""},"_links":{"self":[{"href":"https:\/\/helemaure.fr\/index.php?rest_route=\/wp\/v2\/pages\/203"}],"collection":[{"href":"https:\/\/helemaure.fr\/index.php?rest_route=\/wp\/v2\/pages"}],"about":[{"href":"https:\/\/helemaure.fr\/index.php?rest_route=\/wp\/v2\/types\/page"}],"author":[{"embeddable":true,"href":"https:\/\/helemaure.fr\/index.php?rest_route=\/wp\/v2\/users\/1"}],"replies":[{"embeddable":true,"href":"https:\/\/helemaure.fr\/index.php?rest_route=%2Fwp%2Fv2%2Fcomments&post=203"}],"version-history":[{"count":7,"href":"https:\/\/helemaure.fr\/index.php?rest_route=\/wp\/v2\/pages\/203\/revisions"}],"predecessor-version":[{"id":990,"href":"https:\/\/helemaure.fr\/index.php?rest_route=\/wp\/v2\/pages\/203\/revisions\/990"}],"wp:attachment":[{"href":"https:\/\/helemaure.fr\/index.php?rest_route=%2Fwp%2Fv2%2Fmedia&parent=203"}],"curies":[{"name":"wp","href":"https:\/\/api.w.org\/{rel}","templated":true}]}}