{"id":207,"date":"2015-07-02T10:07:12","date_gmt":"2015-07-02T10:07:12","guid":{"rendered":"http:\/\/helemaure.fr\/?page_id=207"},"modified":"2024-05-12T09:32:30","modified_gmt":"2024-05-12T09:32:30","slug":"la-chambre-mykonos","status":"publish","type":"page","link":"https:\/\/helemaure.fr\/?page_id=207&lang=fr","title":{"rendered":"La chambre Mykonos"},"content":{"rendered":"<p style=\"text-align: justify;\"><a href=\"https:\/\/helemaure.fr\/wp-content\/uploads\/2015\/07\/La-chambre-Mykonos.jpg\"><img loading=\"lazy\" decoding=\"async\" class=\"alignright wp-image-221 size-medium\" src=\"https:\/\/helemaure.fr\/wp-content\/themes\/grey-opaque\/plugins\/lazy-load\/images\/1x1.trans.gif\" data-lazy-src=\"https:\/\/helemaure.fr\/wp-content\/uploads\/2015\/07\/La-chambre-Mykonos-300x200.jpg\" alt=\"La chambre Mykonos\" width=\"300\" height=\"200\" \/><noscript><img loading=\"lazy\" decoding=\"async\" class=\"alignright wp-image-221 size-medium\" src=\"https:\/\/helemaure.fr\/wp-content\/uploads\/2015\/07\/La-chambre-Mykonos-300x200.jpg\" alt=\"La chambre Mykonos\" width=\"300\" height=\"200\" srcset=\"https:\/\/helemaure.fr\/wp-content\/uploads\/2015\/07\/La-chambre-Mykonos-300x200.jpg 300w, https:\/\/helemaure.fr\/wp-content\/uploads\/2015\/07\/La-chambre-Mykonos.jpg 440w\" sizes=\"(max-width: 300px) 100vw, 300px\" \/><\/noscript><\/a>La chambre Mykonos est la principale chambre d&#8217;enfants de la maison. Elle est situ\u00e9e \u00e0 l&#8217;\u00e9tage sup\u00e9rieur et comporte, deux lits superpos\u00e9s, un lit simple et un lit de b\u00e9b\u00e9 ainsi qu&#8217;un grand espace au sol pour jouer. elle est climatis\u00e9e pour des siestes et des nuits confortables.<\/p>\n<p>Avec <a href=\"https:\/\/helemaure.fr\/?page_id=203\">la chambre Toscane<\/a>, elle partage <a href=\"https:\/\/helemaure.fr\/?page_id=198\">la salle de bains principale<\/a>.<\/p>\n<p><a href=\"https:\/\/helemaure.fr\/wp-content\/uploads\/2015\/07\/Autre-vue-de-la-chambre-Mykonos1.jpg\"><img loading=\"lazy\" decoding=\"async\" class=\"alignleft size-medium wp-image-508\" src=\"https:\/\/helemaure.fr\/wp-content\/themes\/grey-opaque\/plugins\/lazy-load\/images\/1x1.trans.gif\" data-lazy-src=\"https:\/\/helemaure.fr\/wp-content\/uploads\/2015\/07\/Autre-vue-de-la-chambre-Mykonos1-300x199.jpg\" alt=\"Autre vue de la chambre Mykonos\" width=\"300\" height=\"199\" \/><noscript><img loading=\"lazy\" decoding=\"async\" class=\"alignleft size-medium wp-image-508\" src=\"https:\/\/helemaure.fr\/wp-content\/uploads\/2015\/07\/Autre-vue-de-la-chambre-Mykonos1-300x199.jpg\" alt=\"Autre vue de la chambre Mykonos\" width=\"300\" height=\"199\" srcset=\"https:\/\/helemaure.fr\/wp-content\/uploads\/2015\/07\/Autre-vue-de-la-chambre-Mykonos1-300x199.jpg 300w, https:\/\/helemaure.fr\/wp-content\/uploads\/2015\/07\/Autre-vue-de-la-chambre-Mykonos1.jpg 640w\" sizes=\"(max-width: 300px) 100vw, 300px\" \/><\/noscript><\/a><\/p>\n","protected":false},"excerpt":{"rendered":"<p>La chambre Mykonos est la principale chambre d&#8217;enfants de la maison. Elle est situ\u00e9e \u00e0 l&#8217;\u00e9tage sup\u00e9rieur et comporte, deux lits superpos\u00e9s, un lit simple et un lit de b\u00e9b\u00e9 ainsi qu&#8217;un grand espace au sol pour jouer. elle est &hellip; <a href=\"https:\/\/helemaure.fr\/?page_id=207&#038;lang=fr\">Continue reading <span class=\"meta-nav\">&rarr;<\/span><\/a><\/p>\n","protected":false},"author":1,"featured_media":0,"parent":0,"menu_order":0,"comment_status":"closed","ping_status":"closed","template":"","meta":{"footnotes":""},"_links":{"self":[{"href":"https:\/\/helemaure.fr\/index.php?rest_route=\/wp\/v2\/pages\/207"}],"collection":[{"href":"https:\/\/helemaure.fr\/index.php?rest_route=\/wp\/v2\/pages"}],"about":[{"href":"https:\/\/helemaure.fr\/index.php?rest_route=\/wp\/v2\/types\/page"}],"author":[{"embeddable":true,"href":"https:\/\/helemaure.fr\/index.php?rest_route=\/wp\/v2\/users\/1"}],"replies":[{"embeddable":true,"href":"https:\/\/helemaure.fr\/index.php?rest_route=%2Fwp%2Fv2%2Fcomments&post=207"}],"version-history":[{"count":5,"href":"https:\/\/helemaure.fr\/index.php?rest_route=\/wp\/v2\/pages\/207\/revisions"}],"predecessor-version":[{"id":994,"href":"https:\/\/helemaure.fr\/index.php?rest_route=\/wp\/v2\/pages\/207\/revisions\/994"}],"wp:attachment":[{"href":"https:\/\/helemaure.fr\/index.php?rest_route=%2Fwp%2Fv2%2Fmedia&parent=207"}],"curies":[{"name":"wp","href":"https:\/\/api.w.org\/{rel}","templated":true}]}}