{"id":257,"date":"2015-07-02T12:15:32","date_gmt":"2015-07-02T12:15:32","guid":{"rendered":"http:\/\/helemaure.fr\/?page_id=257"},"modified":"2024-05-12T09:38:47","modified_gmt":"2024-05-12T09:38:47","slug":"la-grande-salle","status":"publish","type":"page","link":"https:\/\/helemaure.fr\/?page_id=257&lang=fr","title":{"rendered":"La grande salle"},"content":{"rendered":"<p style=\"text-align: justify;\"><a href=\"https:\/\/helemaure.fr\/wp-content\/uploads\/2015\/07\/La-grande-Salle.jpg\"><img loading=\"lazy\" decoding=\"async\" class=\"alignright wp-image-264 size-medium\" src=\"https:\/\/helemaure.fr\/wp-content\/themes\/grey-opaque\/plugins\/lazy-load\/images\/1x1.trans.gif\" data-lazy-src=\"https:\/\/helemaure.fr\/wp-content\/uploads\/2015\/07\/La-grande-Salle-300x199.jpg\" alt=\"La grande Salle cot\u00e9 salon\" width=\"300\" height=\"199\" \/><noscript><img loading=\"lazy\" decoding=\"async\" class=\"alignright wp-image-264 size-medium\" src=\"https:\/\/helemaure.fr\/wp-content\/uploads\/2015\/07\/La-grande-Salle-300x199.jpg\" alt=\"La grande Salle cot\u00e9 salon\" width=\"300\" height=\"199\" srcset=\"https:\/\/helemaure.fr\/wp-content\/uploads\/2015\/07\/La-grande-Salle-300x199.jpg 300w, https:\/\/helemaure.fr\/wp-content\/uploads\/2015\/07\/La-grande-Salle.jpg 700w\" sizes=\"(max-width: 300px) 100vw, 300px\" \/><\/noscript><\/a>Cette pi\u00e8ce est la plus grande de la maison. Sa d\u00e9coration reprend le style des d\u00e9coration de salon traditionnelles des maisons des parfumeurs de Grasse. Elle est principalement utilis\u00e9e pour les grandes r\u00e9unions de familles. Les repas de 25 personnes ne lui font pas peur. Elle comprend deux tables qui peuvent \u00eatre mises bout \u00e0 bout et un coin salon avec un canap\u00e9 convertible pouvant offrir un couchage confortable \u00e0 deux personnes.<\/p>\n<p style=\"text-align: justify;\">Elle est \u00e9galement tr\u00e8s utile lors des \u00e9v\u00e8nements professionnels et se transforme alors en salle de r\u00e9union tr\u00e8s pratique.<\/p>\n<p style=\"text-align: justify;\">Ses fenetres donnent un acc\u00e8s direct <a href=\"https:\/\/helemaure.fr\/?page_id=331&amp;lang=fr\">au jardin<\/a> et <a href=\"https:\/\/helemaure.fr\/?page_id=360&amp;lang=fr\">au boulodrome<\/a>.<\/p>\n<p style=\"text-align: justify;\">\u00a0<a href=\"https:\/\/helemaure.fr\/wp-content\/uploads\/2015\/07\/Autre-vue-de-la-grande-salle.jpg\"><img loading=\"lazy\" decoding=\"async\" class=\"alignleft wp-image-263 size-medium\" src=\"https:\/\/helemaure.fr\/wp-content\/themes\/grey-opaque\/plugins\/lazy-load\/images\/1x1.trans.gif\" data-lazy-src=\"https:\/\/helemaure.fr\/wp-content\/uploads\/2015\/07\/Autre-vue-de-la-grande-salle-300x173.jpg\" alt=\"La grande salle cot\u00e9 repas\" width=\"300\" height=\"173\" \/><noscript><img loading=\"lazy\" decoding=\"async\" class=\"alignleft wp-image-263 size-medium\" src=\"https:\/\/helemaure.fr\/wp-content\/uploads\/2015\/07\/Autre-vue-de-la-grande-salle-300x173.jpg\" alt=\"La grande salle cot\u00e9 repas\" width=\"300\" height=\"173\" srcset=\"https:\/\/helemaure.fr\/wp-content\/uploads\/2015\/07\/Autre-vue-de-la-grande-salle-300x173.jpg 300w, https:\/\/helemaure.fr\/wp-content\/uploads\/2015\/07\/Autre-vue-de-la-grande-salle.jpg 866w\" sizes=\"(max-width: 300px) 100vw, 300px\" \/><\/noscript><\/a><a href=\"https:\/\/helemaure.fr\/wp-content\/uploads\/2015\/07\/Le-parfumeur.jpg\"><img loading=\"lazy\" decoding=\"async\" class=\"alignleft wp-image-262 size-medium\" src=\"https:\/\/helemaure.fr\/wp-content\/themes\/grey-opaque\/plugins\/lazy-load\/images\/1x1.trans.gif\" data-lazy-src=\"https:\/\/helemaure.fr\/wp-content\/uploads\/2015\/07\/Le-parfumeur-225x300.jpg\" alt=\"Le parfumeur\" width=\"225\" height=\"300\" \/><noscript><img loading=\"lazy\" decoding=\"async\" class=\"alignleft wp-image-262 size-medium\" src=\"https:\/\/helemaure.fr\/wp-content\/uploads\/2015\/07\/Le-parfumeur-225x300.jpg\" alt=\"Le parfumeur\" width=\"225\" height=\"300\" srcset=\"https:\/\/helemaure.fr\/wp-content\/uploads\/2015\/07\/Le-parfumeur-225x300.jpg 225w, https:\/\/helemaure.fr\/wp-content\/uploads\/2015\/07\/Le-parfumeur.jpg 500w\" sizes=\"(max-width: 225px) 100vw, 225px\" \/><\/noscript><\/a><\/p>\n","protected":false},"excerpt":{"rendered":"<p>Cette pi\u00e8ce est la plus grande de la maison. Sa d\u00e9coration reprend le style des d\u00e9coration de salon traditionnelles des maisons des parfumeurs de Grasse. Elle est principalement utilis\u00e9e pour les grandes r\u00e9unions de familles. Les repas de 25 personnes &hellip; <a href=\"https:\/\/helemaure.fr\/?page_id=257&#038;lang=fr\">Continue reading <span class=\"meta-nav\">&rarr;<\/span><\/a><\/p>\n","protected":false},"author":1,"featured_media":0,"parent":0,"menu_order":0,"comment_status":"closed","ping_status":"closed","template":"","meta":{"footnotes":""},"_links":{"self":[{"href":"https:\/\/helemaure.fr\/index.php?rest_route=\/wp\/v2\/pages\/257"}],"collection":[{"href":"https:\/\/helemaure.fr\/index.php?rest_route=\/wp\/v2\/pages"}],"about":[{"href":"https:\/\/helemaure.fr\/index.php?rest_route=\/wp\/v2\/types\/page"}],"author":[{"embeddable":true,"href":"https:\/\/helemaure.fr\/index.php?rest_route=\/wp\/v2\/users\/1"}],"replies":[{"embeddable":true,"href":"https:\/\/helemaure.fr\/index.php?rest_route=%2Fwp%2Fv2%2Fcomments&post=257"}],"version-history":[{"count":7,"href":"https:\/\/helemaure.fr\/index.php?rest_route=\/wp\/v2\/pages\/257\/revisions"}],"predecessor-version":[{"id":1002,"href":"https:\/\/helemaure.fr\/index.php?rest_route=\/wp\/v2\/pages\/257\/revisions\/1002"}],"wp:attachment":[{"href":"https:\/\/helemaure.fr\/index.php?rest_route=%2Fwp%2Fv2%2Fmedia&parent=257"}],"curies":[{"name":"wp","href":"https:\/\/api.w.org\/{rel}","templated":true}]}}