{"id":281,"date":"2015-07-02T12:36:18","date_gmt":"2015-07-02T12:36:18","guid":{"rendered":"http:\/\/helemaure.fr\/?page_id=281"},"modified":"2023-08-29T14:32:07","modified_gmt":"2023-08-29T14:32:07","slug":"la-piscine","status":"publish","type":"page","link":"https:\/\/helemaure.fr\/?page_id=281&lang=fr","title":{"rendered":"La piscine"},"content":{"rendered":"<p style=\"text-align: justify;\"><a href=\"https:\/\/helemaure.fr\/wp-content\/uploads\/2015\/07\/Vue-de-la-piscine.jpg\"><img loading=\"lazy\" decoding=\"async\" class=\"alignright wp-image-438\" src=\"https:\/\/helemaure.fr\/wp-content\/themes\/grey-opaque\/plugins\/lazy-load\/images\/1x1.trans.gif\" data-lazy-src=\"https:\/\/helemaure.fr\/wp-content\/uploads\/2015\/07\/Vue-de-la-piscine-300x225.jpg\" alt=\"\" width=\"350\" height=\"263\" \/><noscript><img loading=\"lazy\" decoding=\"async\" class=\"alignright wp-image-438\" src=\"https:\/\/helemaure.fr\/wp-content\/uploads\/2015\/07\/Vue-de-la-piscine-300x225.jpg\" alt=\"\" width=\"350\" height=\"263\" srcset=\"https:\/\/helemaure.fr\/wp-content\/uploads\/2015\/07\/Vue-de-la-piscine-300x225.jpg 300w, https:\/\/helemaure.fr\/wp-content\/uploads\/2015\/07\/Vue-de-la-piscine.jpg 800w\" sizes=\"(max-width: 350px) 100vw, 350px\" \/><\/noscript><\/a>Si <a href=\"https:\/\/helemaure.fr\/?page_id=57\">la terrasse <\/a>est le c\u0153ur de la maison, la piscine et les plages qui la bordent sont celui de la propri\u00e9t\u00e9. D\u00e8s que le temps le permet (c&#8217;est \u00e0 dire entre mai et octobre), le bassin attire les baigneurs. Mais en toutes saisons, les plages sont un endroit tr\u00e8s appr\u00e9ci\u00e9 pour bronzer au soleil, jouir de <a href=\"https:\/\/helemaure.fr\/?page_id=436\">la vue<\/a> magnifique, jouer\u00a0ou prendre un verre \u00e0 l&#8217;ombre de l&#8217;auvent qui jouxte <a href=\"https:\/\/helemaure.fr\/?page_id=299\">le cabanon<\/a>.<\/p>\n<p><a href=\"https:\/\/helemaure.fr\/wp-content\/uploads\/2015\/07\/Vue-du-bassin.jpg\"><img loading=\"lazy\" decoding=\"async\" class=\"alignleft wp-image-293 size-medium\" src=\"https:\/\/helemaure.fr\/wp-content\/themes\/grey-opaque\/plugins\/lazy-load\/images\/1x1.trans.gif\" data-lazy-src=\"https:\/\/helemaure.fr\/wp-content\/uploads\/2015\/07\/Vue-du-bassin-300x200.jpg\" alt=\"\" width=\"300\" height=\"200\" \/><noscript><img loading=\"lazy\" decoding=\"async\" class=\"alignleft wp-image-293 size-medium\" src=\"https:\/\/helemaure.fr\/wp-content\/uploads\/2015\/07\/Vue-du-bassin-300x200.jpg\" alt=\"\" width=\"300\" height=\"200\" srcset=\"https:\/\/helemaure.fr\/wp-content\/uploads\/2015\/07\/Vue-du-bassin-300x200.jpg 300w, https:\/\/helemaure.fr\/wp-content\/uploads\/2015\/07\/Vue-du-bassin.jpg 448w\" sizes=\"(max-width: 300px) 100vw, 300px\" \/><\/noscript><\/a><\/p>\n<p style=\"text-align: justify;\">Le bassin fait 10 m\u00e8tres sur 5 et pr\u00e9sente un large d\u00e9bordement qui permet \u00e0 l&#8217;eau de ne pas \u00eatre salie par les aiguilles de pin et aux baigneurs de profiter de la vue m\u00eame avec de l&#8217;eau jusqu&#8217;au cou. Il comprend deux zone. Un large petit bain qui permet aux plus jeunes de se tremper\u00a0 et un grand bain qui, avec sa profondeur de 1,80m autorise tous les plongeons. Il est d\u00e9cor\u00e9 du l\u00e9zard, embl\u00e8me de la propri\u00e9t\u00e9. Le syst\u00e8me de filtration est au sel et l&#8217;eau ne pique pas les yeux et ne dess\u00e8che pas la peau. On peut passer la journ\u00e9e dans l&#8217;eau et ouvrir les yeux sous l&#8217;eau sans aucun probl\u00e8me. On y acc\u00e8de par un escalier qui fait toute la largeur du bassin.<\/p>\n<p><a href=\"https:\/\/helemaure.fr\/wp-content\/uploads\/2015\/07\/Cabanon.jpg\"><img loading=\"lazy\" decoding=\"async\" class=\"alignright wp-image-288 size-medium\" src=\"https:\/\/helemaure.fr\/wp-content\/themes\/grey-opaque\/plugins\/lazy-load\/images\/1x1.trans.gif\" data-lazy-src=\"https:\/\/helemaure.fr\/wp-content\/uploads\/2015\/07\/Cabanon-300x200.jpg\" alt=\"Le bassin et les plages\" width=\"300\" height=\"200\" \/><noscript><img loading=\"lazy\" decoding=\"async\" class=\"alignright wp-image-288 size-medium\" src=\"https:\/\/helemaure.fr\/wp-content\/uploads\/2015\/07\/Cabanon-300x200.jpg\" alt=\"Le bassin et les plages\" width=\"300\" height=\"200\" srcset=\"https:\/\/helemaure.fr\/wp-content\/uploads\/2015\/07\/Cabanon-300x200.jpg 300w, https:\/\/helemaure.fr\/wp-content\/uploads\/2015\/07\/Cabanon.jpg 448w\" sizes=\"(max-width: 300px) 100vw, 300px\" \/><\/noscript><\/a><\/p>\n<p style=\"text-align: justify;\">Les plages de la piscine comprennent trois parties: le long du bassin, un espace est d\u00e9di\u00e9 aux nombreuses chaises longues des amoureux du soleil. Vers l&#8217;entr\u00e9e, un vaste espace dall\u00e9 permet les jeux de plein air. Et enfin, l&#8217;auvent accueille ceux qui craignent trop les rayons du soleil.<\/p>\n<p style=\"text-align: justify;\">L&#8217;endroit est s\u00e9curis\u00e9 par des murs et un portillon qui ferme \u00e0 clef ainsi que par une alarme pour \u00e9viter que de jeunes aventuriers aient des soucis. Et \u00e9videmment la pr\u00e9sence d&#8217;un adulte est indispensable quand les enfants sont pr\u00e8s de l&#8217;eau.<\/p>\n<p><a href=\"https:\/\/helemaure.fr\/wp-content\/uploads\/2015\/07\/Piscine-soir.jpg\"><img loading=\"lazy\" decoding=\"async\" class=\"alignleft wp-image-291 size-medium\" src=\"https:\/\/helemaure.fr\/wp-content\/themes\/grey-opaque\/plugins\/lazy-load\/images\/1x1.trans.gif\" data-lazy-src=\"https:\/\/helemaure.fr\/wp-content\/uploads\/2015\/07\/Piscine-soir-300x200.jpg\" alt=\"La piscine le soir\" width=\"300\" height=\"200\" \/><noscript><img loading=\"lazy\" decoding=\"async\" class=\"alignleft wp-image-291 size-medium\" src=\"https:\/\/helemaure.fr\/wp-content\/uploads\/2015\/07\/Piscine-soir-300x200.jpg\" alt=\"La piscine le soir\" width=\"300\" height=\"200\" srcset=\"https:\/\/helemaure.fr\/wp-content\/uploads\/2015\/07\/Piscine-soir-300x200.jpg 300w, https:\/\/helemaure.fr\/wp-content\/uploads\/2015\/07\/Piscine-soir.jpg 448w\" sizes=\"(max-width: 300px) 100vw, 300px\" \/><\/noscript><\/a><\/p>\n<p style=\"text-align: justify;\">Le soir la lumi\u00e8re y devient particuli\u00e8rement belle. Et l&#8217;attrait du lieu ne s&#8217;arr\u00eate pas avec le cr\u00e9puscule. Les \u00e9clairages en font un lieu tr\u00e8s appr\u00e9ci\u00e9 pour refaire le monde ou danser jusqu&#8217;au bout de la nuit et les bains de minuit sont une activit\u00e9 tr\u00e8s appr\u00e9ci\u00e9e de tous les occupants.<\/p>\n<p><a href=\"https:\/\/helemaure.fr\/wp-content\/uploads\/2023\/08\/Piscine-raz-de-leau-scaled.jpg\"><img loading=\"lazy\" decoding=\"async\" class=\"alignright wp-image-966 size-medium\" src=\"https:\/\/helemaure.fr\/wp-content\/themes\/grey-opaque\/plugins\/lazy-load\/images\/1x1.trans.gif\" data-lazy-src=\"https:\/\/helemaure.fr\/wp-content\/uploads\/2023\/08\/Piscine-raz-de-leau-300x263.jpg\" alt=\"Piscine vue de l'eau\" width=\"300\" height=\"263\" \/><noscript><img loading=\"lazy\" decoding=\"async\" class=\"alignright wp-image-966 size-medium\" src=\"https:\/\/helemaure.fr\/wp-content\/uploads\/2023\/08\/Piscine-raz-de-leau-300x263.jpg\" alt=\"Piscine vue de l'eau\" width=\"300\" height=\"263\" srcset=\"https:\/\/helemaure.fr\/wp-content\/uploads\/2023\/08\/Piscine-raz-de-leau-300x263.jpg 300w, https:\/\/helemaure.fr\/wp-content\/uploads\/2023\/08\/Piscine-raz-de-leau-1024x896.jpg 1024w, https:\/\/helemaure.fr\/wp-content\/uploads\/2023\/08\/Piscine-raz-de-leau-768x672.jpg 768w, https:\/\/helemaure.fr\/wp-content\/uploads\/2023\/08\/Piscine-raz-de-leau-1536x1344.jpg 1536w, https:\/\/helemaure.fr\/wp-content\/uploads\/2023\/08\/Piscine-raz-de-leau-2048x1792.jpg 2048w\" sizes=\"(max-width: 300px) 100vw, 300px\" \/><\/noscript><\/a><\/p>\n<p><a href=\"https:\/\/helemaure.fr\/wp-content\/uploads\/2015\/07\/Piscine-lapres-midi.jpg\"><img loading=\"lazy\" decoding=\"async\" class=\" wp-image-289 size-medium alignleft\" src=\"https:\/\/helemaure.fr\/wp-content\/themes\/grey-opaque\/plugins\/lazy-load\/images\/1x1.trans.gif\" data-lazy-src=\"https:\/\/helemaure.fr\/wp-content\/uploads\/2015\/07\/Piscine-lapres-midi-300x199.jpg\" alt=\"La lumi\u00e8re d'un soir d'\u00e9t\u00e9\" width=\"300\" height=\"199\" \/><noscript><img loading=\"lazy\" decoding=\"async\" class=\" wp-image-289 size-medium alignleft\" src=\"https:\/\/helemaure.fr\/wp-content\/uploads\/2015\/07\/Piscine-lapres-midi-300x199.jpg\" alt=\"La lumi\u00e8re d'un soir d'\u00e9t\u00e9\" width=\"300\" height=\"199\" srcset=\"https:\/\/helemaure.fr\/wp-content\/uploads\/2015\/07\/Piscine-lapres-midi-300x199.jpg 300w, https:\/\/helemaure.fr\/wp-content\/uploads\/2015\/07\/Piscine-lapres-midi.jpg 448w\" sizes=\"(max-width: 300px) 100vw, 300px\" \/><\/noscript><\/a><\/p>\n<p><a href=\"https:\/\/helemaure.fr\/wp-content\/uploads\/2015\/07\/Piscine-nuit.jpg\"><img loading=\"lazy\" decoding=\"async\" class=\" wp-image-290 size-medium alignleft\" src=\"https:\/\/helemaure.fr\/wp-content\/themes\/grey-opaque\/plugins\/lazy-load\/images\/1x1.trans.gif\" data-lazy-src=\"https:\/\/helemaure.fr\/wp-content\/uploads\/2015\/07\/Piscine-nuit-300x199.jpg\" alt=\"Par\u00e9e pour le bain de minuit\" width=\"300\" height=\"199\" \/><noscript><img loading=\"lazy\" decoding=\"async\" class=\" wp-image-290 size-medium alignleft\" src=\"https:\/\/helemaure.fr\/wp-content\/uploads\/2015\/07\/Piscine-nuit-300x199.jpg\" alt=\"Par\u00e9e pour le bain de minuit\" width=\"300\" height=\"199\" srcset=\"https:\/\/helemaure.fr\/wp-content\/uploads\/2015\/07\/Piscine-nuit-300x199.jpg 300w, https:\/\/helemaure.fr\/wp-content\/uploads\/2015\/07\/Piscine-nuit.jpg 448w\" sizes=\"(max-width: 300px) 100vw, 300px\" \/><\/noscript><\/a><\/p>\n","protected":false},"excerpt":{"rendered":"<p>Si la terrasse est le c\u0153ur de la maison, la piscine et les plages qui la bordent sont celui de la propri\u00e9t\u00e9. D\u00e8s que le temps le permet (c&#8217;est \u00e0 dire entre mai et octobre), le bassin attire les baigneurs. &hellip; <a href=\"https:\/\/helemaure.fr\/?page_id=281&#038;lang=fr\">Continue reading <span class=\"meta-nav\">&rarr;<\/span><\/a><\/p>\n","protected":false},"author":1,"featured_media":0,"parent":0,"menu_order":0,"comment_status":"closed","ping_status":"closed","template":"","meta":{"footnotes":""},"_links":{"self":[{"href":"https:\/\/helemaure.fr\/index.php?rest_route=\/wp\/v2\/pages\/281"}],"collection":[{"href":"https:\/\/helemaure.fr\/index.php?rest_route=\/wp\/v2\/pages"}],"about":[{"href":"https:\/\/helemaure.fr\/index.php?rest_route=\/wp\/v2\/types\/page"}],"author":[{"embeddable":true,"href":"https:\/\/helemaure.fr\/index.php?rest_route=\/wp\/v2\/users\/1"}],"replies":[{"embeddable":true,"href":"https:\/\/helemaure.fr\/index.php?rest_route=%2Fwp%2Fv2%2Fcomments&post=281"}],"version-history":[{"count":24,"href":"https:\/\/helemaure.fr\/index.php?rest_route=\/wp\/v2\/pages\/281\/revisions"}],"predecessor-version":[{"id":974,"href":"https:\/\/helemaure.fr\/index.php?rest_route=\/wp\/v2\/pages\/281\/revisions\/974"}],"wp:attachment":[{"href":"https:\/\/helemaure.fr\/index.php?rest_route=%2Fwp%2Fv2%2Fmedia&parent=281"}],"curies":[{"name":"wp","href":"https:\/\/api.w.org\/{rel}","templated":true}]}}