{"id":31,"date":"2015-06-27T13:45:07","date_gmt":"2015-06-27T13:45:07","guid":{"rendered":"http:\/\/helemaure.fr\/?page_id=31"},"modified":"2015-06-27T14:05:29","modified_gmt":"2015-06-27T14:05:29","slug":"la-maison","status":"publish","type":"page","link":"https:\/\/helemaure.fr\/?page_id=31&lang=fr","title":{"rendered":"La maison"},"content":{"rendered":"<p style=\"text-align: justify;\"><img loading=\"lazy\" decoding=\"async\" class=\"alignright wp-image-34 size-medium\" src=\"https:\/\/helemaure.fr\/wp-content\/themes\/grey-opaque\/plugins\/lazy-load\/images\/1x1.trans.gif\" data-lazy-src=\"https:\/\/helemaure.fr\/wp-content\/uploads\/2015\/06\/Fenetre-300x208.jpg\" alt=\"La fenetre du salon, identique \u00e0 celle de Van Gogh\" width=\"300\" height=\"208\" \/><noscript><img loading=\"lazy\" decoding=\"async\" class=\"alignright wp-image-34 size-medium\" src=\"https:\/\/helemaure.fr\/wp-content\/uploads\/2015\/06\/Fenetre-300x208.jpg\" alt=\"La fenetre du salon, identique \u00e0 celle de Van Gogh\" width=\"300\" height=\"208\" srcset=\"https:\/\/helemaure.fr\/wp-content\/uploads\/2015\/06\/Fenetre-300x208.jpg 300w, https:\/\/helemaure.fr\/wp-content\/uploads\/2015\/06\/Fenetre.jpg 480w\" sizes=\"(max-width: 300px) 100vw, 300px\" \/><\/noscript>Helemaure est notre maison de famille depuis plus de quinze ans et est parfaitement adapt\u00e9e \u00e0 l&#8217;accueil de familles, de groupes d&#8217;amis et de coll\u00e8gues d&#8217;entreprise.\u00a0Elle poss\u00e8de six chambres, deux salons, deux cuisines, 4 salles de bain et peut accueillir jusqu&#8217;\u00e0 16 personnes.<\/p>\n<p style=\"text-align: justify;\">La maison date de 1802 et comporte de nombreux \u00e9l\u00e9ments architecturaux typique de cette \u00e9poque comme l&#8217;escalier principal \u00e0 rampe basse ou la petite\u00a0fen\u00eatre du salon, identique \u00e0 celle que Van Gogh a peinte dans sa c\u00e9l\u00e8bre toile &#8220;Ma chambre \u00e0 Arles&#8221;<\/p>\n","protected":false},"excerpt":{"rendered":"<p>Helemaure est notre maison de famille depuis plus de quinze ans et est parfaitement adapt\u00e9e \u00e0 l&#8217;accueil de familles, de groupes d&#8217;amis et de coll\u00e8gues d&#8217;entreprise.\u00a0Elle poss\u00e8de six chambres, deux salons, deux cuisines, 4 salles de bain et peut accueillir &hellip; <a href=\"https:\/\/helemaure.fr\/?page_id=31&#038;lang=fr\">Continue reading <span class=\"meta-nav\">&rarr;<\/span><\/a><\/p>\n","protected":false},"author":1,"featured_media":0,"parent":0,"menu_order":0,"comment_status":"closed","ping_status":"closed","template":"","meta":{"footnotes":""},"_links":{"self":[{"href":"https:\/\/helemaure.fr\/index.php?rest_route=\/wp\/v2\/pages\/31"}],"collection":[{"href":"https:\/\/helemaure.fr\/index.php?rest_route=\/wp\/v2\/pages"}],"about":[{"href":"https:\/\/helemaure.fr\/index.php?rest_route=\/wp\/v2\/types\/page"}],"author":[{"embeddable":true,"href":"https:\/\/helemaure.fr\/index.php?rest_route=\/wp\/v2\/users\/1"}],"replies":[{"embeddable":true,"href":"https:\/\/helemaure.fr\/index.php?rest_route=%2Fwp%2Fv2%2Fcomments&post=31"}],"version-history":[{"count":7,"href":"https:\/\/helemaure.fr\/index.php?rest_route=\/wp\/v2\/pages\/31\/revisions"}],"predecessor-version":[{"id":44,"href":"https:\/\/helemaure.fr\/index.php?rest_route=\/wp\/v2\/pages\/31\/revisions\/44"}],"wp:attachment":[{"href":"https:\/\/helemaure.fr\/index.php?rest_route=%2Fwp%2Fv2%2Fmedia&parent=31"}],"curies":[{"name":"wp","href":"https:\/\/api.w.org\/{rel}","templated":true}]}}