{"id":331,"date":"2015-07-02T13:32:42","date_gmt":"2015-07-02T13:32:42","guid":{"rendered":"http:\/\/helemaure.fr\/?page_id=331"},"modified":"2015-10-03T14:24:02","modified_gmt":"2015-10-03T14:24:02","slug":"le-jardin","status":"publish","type":"page","link":"https:\/\/helemaure.fr\/?page_id=331&lang=fr","title":{"rendered":"Le jardin"},"content":{"rendered":"<p style=\"text-align: justify;\"><a href=\"https:\/\/helemaure.fr\/wp-content\/uploads\/2015\/07\/Vue-a\u00e9rienne.jpg\"><img loading=\"lazy\" decoding=\"async\" class=\" wp-image-336 size-medium alignright\" src=\"https:\/\/helemaure.fr\/wp-content\/themes\/grey-opaque\/plugins\/lazy-load\/images\/1x1.trans.gif\" data-lazy-src=\"https:\/\/helemaure.fr\/wp-content\/uploads\/2015\/07\/Vue-a\u00e9rienne-300x264.jpg\" alt=\"La propri\u00e9t\u00e9 vue du ciel\" width=\"300\" height=\"264\" \/><noscript><img loading=\"lazy\" decoding=\"async\" class=\" wp-image-336 size-medium alignright\" src=\"https:\/\/helemaure.fr\/wp-content\/uploads\/2015\/07\/Vue-a\u00e9rienne-300x264.jpg\" alt=\"La propri\u00e9t\u00e9 vue du ciel\" width=\"300\" height=\"264\" srcset=\"https:\/\/helemaure.fr\/wp-content\/uploads\/2015\/07\/Vue-a\u00e9rienne-300x264.jpg 300w, https:\/\/helemaure.fr\/wp-content\/uploads\/2015\/07\/Vue-a\u00e9rienne.jpg 500w\" sizes=\"(max-width: 300px) 100vw, 300px\" \/><\/noscript><\/a>Avec 12000 m\u00e8tres carr\u00e9s de terrain, on pourrait presque parler de parc.\u00a0\u00a0Le plus proche voisin est \u00e0 plus de quarante m\u00e8tres, ce qui garantit la tranquillit\u00e9.\u00a0 La propri\u00e9t\u00e9 est plant\u00e9e en essences m\u00e9diterran\u00e9enne et compte plus de 500 arbres dont plus de 50 oliviers.<\/p>\n<p style=\"text-align: justify;\">Le c\u0153ur du jardin est bien sur <a href=\"https:\/\/helemaure.fr\/?page_id=281\">la piscine <\/a>mais d&#8217;autres zones m\u00e9ritent d&#8217;\u00eatre d\u00e9couvertes.<\/p>\n<p style=\"text-align: justify;\">\u00a0<a href=\"https:\/\/helemaure.fr\/wp-content\/uploads\/2015\/07\/Gloriette-2.jpg\"><img loading=\"lazy\" decoding=\"async\" class=\"alignleft size-medium wp-image-520\" src=\"https:\/\/helemaure.fr\/wp-content\/themes\/grey-opaque\/plugins\/lazy-load\/images\/1x1.trans.gif\" data-lazy-src=\"https:\/\/helemaure.fr\/wp-content\/uploads\/2015\/07\/Gloriette-2-300x199.jpg\" alt=\"Le grand escalier\" width=\"300\" height=\"199\" \/><noscript><img loading=\"lazy\" decoding=\"async\" class=\"alignleft size-medium wp-image-520\" src=\"https:\/\/helemaure.fr\/wp-content\/uploads\/2015\/07\/Gloriette-2-300x199.jpg\" alt=\"Le grand escalier\" width=\"300\" height=\"199\" srcset=\"https:\/\/helemaure.fr\/wp-content\/uploads\/2015\/07\/Gloriette-2-300x199.jpg 300w, https:\/\/helemaure.fr\/wp-content\/uploads\/2015\/07\/Gloriette-2.jpg 614w\" sizes=\"(max-width: 300px) 100vw, 300px\" \/><\/noscript><\/a><\/p>\n","protected":false},"excerpt":{"rendered":"<p>Avec 12000 m\u00e8tres carr\u00e9s de terrain, on pourrait presque parler de parc.\u00a0\u00a0Le plus proche voisin est \u00e0 plus de quarante m\u00e8tres, ce qui garantit la tranquillit\u00e9.\u00a0 La propri\u00e9t\u00e9 est plant\u00e9e en essences m\u00e9diterran\u00e9enne et compte plus de 500 arbres dont &hellip; <a href=\"https:\/\/helemaure.fr\/?page_id=331&#038;lang=fr\">Continue reading <span class=\"meta-nav\">&rarr;<\/span><\/a><\/p>\n","protected":false},"author":1,"featured_media":0,"parent":0,"menu_order":0,"comment_status":"closed","ping_status":"closed","template":"","meta":{"footnotes":""},"_links":{"self":[{"href":"https:\/\/helemaure.fr\/index.php?rest_route=\/wp\/v2\/pages\/331"}],"collection":[{"href":"https:\/\/helemaure.fr\/index.php?rest_route=\/wp\/v2\/pages"}],"about":[{"href":"https:\/\/helemaure.fr\/index.php?rest_route=\/wp\/v2\/types\/page"}],"author":[{"embeddable":true,"href":"https:\/\/helemaure.fr\/index.php?rest_route=\/wp\/v2\/users\/1"}],"replies":[{"embeddable":true,"href":"https:\/\/helemaure.fr\/index.php?rest_route=%2Fwp%2Fv2%2Fcomments&post=331"}],"version-history":[{"count":6,"href":"https:\/\/helemaure.fr\/index.php?rest_route=\/wp\/v2\/pages\/331\/revisions"}],"predecessor-version":[{"id":527,"href":"https:\/\/helemaure.fr\/index.php?rest_route=\/wp\/v2\/pages\/331\/revisions\/527"}],"wp:attachment":[{"href":"https:\/\/helemaure.fr\/index.php?rest_route=%2Fwp%2Fv2%2Fmedia&parent=331"}],"curies":[{"name":"wp","href":"https:\/\/api.w.org\/{rel}","templated":true}]}}