{"id":363,"date":"2015-07-03T11:29:21","date_gmt":"2015-07-03T11:29:21","guid":{"rendered":"http:\/\/helemaure.fr\/?page_id=363"},"modified":"2015-10-03T14:32:52","modified_gmt":"2015-10-03T14:32:52","slug":"le-patio","status":"publish","type":"page","link":"https:\/\/helemaure.fr\/?page_id=363&lang=fr","title":{"rendered":"Le patio"},"content":{"rendered":"<p style=\"text-align: justify;\"><a href=\"https:\/\/helemaure.fr\/wp-content\/uploads\/2015\/07\/Le-patio.jpg\"><img loading=\"lazy\" decoding=\"async\" class=\"alignright wp-image-529 size-medium\" src=\"https:\/\/helemaure.fr\/wp-content\/themes\/grey-opaque\/plugins\/lazy-load\/images\/1x1.trans.gif\" data-lazy-src=\"https:\/\/helemaure.fr\/wp-content\/uploads\/2015\/07\/Le-patio-300x199.jpg\" alt=\"Le patio\" width=\"300\" height=\"199\" \/><noscript><img loading=\"lazy\" decoding=\"async\" class=\"alignright wp-image-529 size-medium\" src=\"https:\/\/helemaure.fr\/wp-content\/uploads\/2015\/07\/Le-patio-300x199.jpg\" alt=\"Le patio\" width=\"300\" height=\"199\" srcset=\"https:\/\/helemaure.fr\/wp-content\/uploads\/2015\/07\/Le-patio-300x199.jpg 300w, https:\/\/helemaure.fr\/wp-content\/uploads\/2015\/07\/Le-patio.jpg 624w\" sizes=\"(max-width: 300px) 100vw, 300px\" \/><\/noscript><\/a>Le patio est un des endroits les plus agr\u00e9ables d&#8217;H\u00e9l\u00e9maure. Il est situ\u00e9 entre la maison et <a href=\"https:\/\/helemaure.fr\/?page_id=381\">la chapelle<\/a>. Il offre une vue imprenable sur la vall\u00e9e et la mer et donne acc\u00e8s au <a href=\"https:\/\/helemaure.fr\/?page_id=360\">boulodrome<\/a>. On y acc\u00e8de directement depuis <a href=\"https:\/\/helemaure.fr\/?page_id=247\">la cuisine d&#8217;en bas<\/a>.<\/p>\n<p style=\"text-align: justify;\">En \u00e9t\u00e9 c&#8217;est le lieu classique des soir\u00e9es sous les \u00e9toiles.<\/p>\n<p style=\"text-align: justify;\"><a href=\"https:\/\/helemaure.fr\/wp-content\/uploads\/2015\/07\/Vue-den-haut.jpg\"><img loading=\"lazy\" decoding=\"async\" class=\"alignleft wp-image-530 size-medium\" src=\"https:\/\/helemaure.fr\/wp-content\/themes\/grey-opaque\/plugins\/lazy-load\/images\/1x1.trans.gif\" data-lazy-src=\"https:\/\/helemaure.fr\/wp-content\/uploads\/2015\/07\/Vue-den-haut-300x199.jpg\" alt=\"Le patio vu d'en haut\" width=\"300\" height=\"199\" \/><noscript><img loading=\"lazy\" decoding=\"async\" class=\"alignleft wp-image-530 size-medium\" src=\"https:\/\/helemaure.fr\/wp-content\/uploads\/2015\/07\/Vue-den-haut-300x199.jpg\" alt=\"Le patio vu d'en haut\" width=\"300\" height=\"199\" srcset=\"https:\/\/helemaure.fr\/wp-content\/uploads\/2015\/07\/Vue-den-haut-300x199.jpg 300w, https:\/\/helemaure.fr\/wp-content\/uploads\/2015\/07\/Vue-den-haut.jpg 624w\" sizes=\"(max-width: 300px) 100vw, 300px\" \/><\/noscript><\/a><a href=\"https:\/\/helemaure.fr\/wp-content\/uploads\/2015\/07\/Vue-vers-la-vall\u00e9e.jpg\"><br \/>\n<\/a><a href=\"https:\/\/helemaure.fr\/wp-content\/uploads\/2015\/07\/Vue-vers-la-vall\u00e9e2.jpg\"><img loading=\"lazy\" decoding=\"async\" class=\"wp-image-528 size-medium alignright\" src=\"https:\/\/helemaure.fr\/wp-content\/themes\/grey-opaque\/plugins\/lazy-load\/images\/1x1.trans.gif\" data-lazy-src=\"https:\/\/helemaure.fr\/wp-content\/uploads\/2015\/07\/Vue-vers-la-vall\u00e9e2-300x199.jpg\" alt=\"Vue vers la vall\u00e9e\" width=\"300\" height=\"199\" \/><noscript><img loading=\"lazy\" decoding=\"async\" class=\"wp-image-528 size-medium alignright\" src=\"https:\/\/helemaure.fr\/wp-content\/uploads\/2015\/07\/Vue-vers-la-vall\u00e9e2-300x199.jpg\" alt=\"Vue vers la vall\u00e9e\" width=\"300\" height=\"199\" srcset=\"https:\/\/helemaure.fr\/wp-content\/uploads\/2015\/07\/Vue-vers-la-vall\u00e9e2-300x199.jpg 300w, https:\/\/helemaure.fr\/wp-content\/uploads\/2015\/07\/Vue-vers-la-vall\u00e9e2.jpg 624w\" sizes=\"(max-width: 300px) 100vw, 300px\" \/><\/noscript><\/a><\/p>\n","protected":false},"excerpt":{"rendered":"<p>Le patio est un des endroits les plus agr\u00e9ables d&#8217;H\u00e9l\u00e9maure. Il est situ\u00e9 entre la maison et la chapelle. Il offre une vue imprenable sur la vall\u00e9e et la mer et donne acc\u00e8s au boulodrome. On y acc\u00e8de directement depuis &hellip; <a href=\"https:\/\/helemaure.fr\/?page_id=363&#038;lang=fr\">Continue reading <span class=\"meta-nav\">&rarr;<\/span><\/a><\/p>\n","protected":false},"author":1,"featured_media":0,"parent":0,"menu_order":0,"comment_status":"closed","ping_status":"closed","template":"","meta":{"footnotes":""},"_links":{"self":[{"href":"https:\/\/helemaure.fr\/index.php?rest_route=\/wp\/v2\/pages\/363"}],"collection":[{"href":"https:\/\/helemaure.fr\/index.php?rest_route=\/wp\/v2\/pages"}],"about":[{"href":"https:\/\/helemaure.fr\/index.php?rest_route=\/wp\/v2\/types\/page"}],"author":[{"embeddable":true,"href":"https:\/\/helemaure.fr\/index.php?rest_route=\/wp\/v2\/users\/1"}],"replies":[{"embeddable":true,"href":"https:\/\/helemaure.fr\/index.php?rest_route=%2Fwp%2Fv2%2Fcomments&post=363"}],"version-history":[{"count":6,"href":"https:\/\/helemaure.fr\/index.php?rest_route=\/wp\/v2\/pages\/363\/revisions"}],"predecessor-version":[{"id":531,"href":"https:\/\/helemaure.fr\/index.php?rest_route=\/wp\/v2\/pages\/363\/revisions\/531"}],"wp:attachment":[{"href":"https:\/\/helemaure.fr\/index.php?rest_route=%2Fwp%2Fv2%2Fmedia&parent=363"}],"curies":[{"name":"wp","href":"https:\/\/api.w.org\/{rel}","templated":true}]}}