{"id":381,"date":"2015-07-03T11:48:40","date_gmt":"2015-07-03T11:48:40","guid":{"rendered":"http:\/\/helemaure.fr\/?page_id=381"},"modified":"2017-03-02T19:23:42","modified_gmt":"2017-03-02T19:23:42","slug":"la-chapelle","status":"publish","type":"page","link":"https:\/\/helemaure.fr\/?page_id=381&lang=fr","title":{"rendered":"La chapelle"},"content":{"rendered":"<p style=\"text-align: justify;\"><a href=\"https:\/\/helemaure.fr\/wp-content\/uploads\/2015\/07\/Exterieur-chapelle.jpg\"><img loading=\"lazy\" decoding=\"async\" class=\"alignright wp-image-408 size-medium\" src=\"https:\/\/helemaure.fr\/wp-content\/themes\/grey-opaque\/plugins\/lazy-load\/images\/1x1.trans.gif\" data-lazy-src=\"https:\/\/helemaure.fr\/wp-content\/uploads\/2015\/07\/Exterieur-chapelle-300x226.jpg\" alt=\"Exterieur de la chapelle\" width=\"300\" height=\"226\" \/><noscript><img loading=\"lazy\" decoding=\"async\" class=\"alignright wp-image-408 size-medium\" src=\"https:\/\/helemaure.fr\/wp-content\/uploads\/2015\/07\/Exterieur-chapelle-300x226.jpg\" alt=\"Exterieur de la chapelle\" width=\"300\" height=\"226\" srcset=\"https:\/\/helemaure.fr\/wp-content\/uploads\/2015\/07\/Exterieur-chapelle-300x226.jpg 300w, https:\/\/helemaure.fr\/wp-content\/uploads\/2015\/07\/Exterieur-chapelle.jpg 700w\" sizes=\"(max-width: 300px) 100vw, 300px\" \/><\/noscript><\/a>Au 19\u00b0 si\u00e8cle, Helemaure \u00e9tait en Italie. Dans ce pays, avoir une chapelle priv\u00e9e est un must pour toute maison de maitre qui se respecte. On rencontre encore souvent de telles chapelles dans la maisons de Toscane. Helemaure respecte la tradition m\u00eame si la chapelle est devenue une chambre.<\/p>\n<p style=\"text-align: justify;\">La chapelle est une des d\u00e9pendances de la maison. Elle est situ\u00e9e sur le patio \u00e0 l&#8217;oppos\u00e9 de la maison. Elle comprend une chambre avec une salle de bains et des toilettes priv\u00e9es.<\/p>\n<p style=\"text-align: justify;\">La chapelle n&#8217;est pas lou\u00e9e avec la maison. Elle sert aux propri\u00e9taires de lieu de s\u00e9jour pour les arriv\u00e9es et les d\u00e9parts.<\/p>\n<p><a href=\"https:\/\/helemaure.fr\/wp-content\/uploads\/2015\/07\/Meuble-la-chapelle.jpg\"><img loading=\"lazy\" decoding=\"async\" class=\"alignleft wp-image-808 size-medium\" src=\"https:\/\/helemaure.fr\/wp-content\/themes\/grey-opaque\/plugins\/lazy-load\/images\/1x1.trans.gif\" data-lazy-src=\"https:\/\/helemaure.fr\/wp-content\/uploads\/2015\/07\/Meuble-la-chapelle-300x261.jpg\" alt=\"Meuble la chapelle\" width=\"300\" height=\"261\" \/><noscript><img loading=\"lazy\" decoding=\"async\" class=\"alignleft wp-image-808 size-medium\" src=\"https:\/\/helemaure.fr\/wp-content\/uploads\/2015\/07\/Meuble-la-chapelle-300x261.jpg\" alt=\"Meuble la chapelle\" width=\"300\" height=\"261\" srcset=\"https:\/\/helemaure.fr\/wp-content\/uploads\/2015\/07\/Meuble-la-chapelle-300x261.jpg 300w, https:\/\/helemaure.fr\/wp-content\/uploads\/2015\/07\/Meuble-la-chapelle.jpg 600w\" sizes=\"(max-width: 300px) 100vw, 300px\" \/><\/noscript><\/a><\/p>\n<p style=\"text-align: justify;\"><a href=\"https:\/\/helemaure.fr\/wp-content\/uploads\/2015\/07\/Le-lit-de-la-chapelle.jpg\"><img loading=\"lazy\" decoding=\"async\" class=\"alignright wp-image-807 size-medium\" src=\"https:\/\/helemaure.fr\/wp-content\/themes\/grey-opaque\/plugins\/lazy-load\/images\/1x1.trans.gif\" data-lazy-src=\"https:\/\/helemaure.fr\/wp-content\/uploads\/2015\/07\/Le-lit-de-la-chapelle-225x300.jpg\" alt=\"Le lit de la chapelle\" width=\"225\" height=\"300\" \/><noscript><img loading=\"lazy\" decoding=\"async\" class=\"alignright wp-image-807 size-medium\" src=\"https:\/\/helemaure.fr\/wp-content\/uploads\/2015\/07\/Le-lit-de-la-chapelle-225x300.jpg\" alt=\"Le lit de la chapelle\" width=\"225\" height=\"300\" srcset=\"https:\/\/helemaure.fr\/wp-content\/uploads\/2015\/07\/Le-lit-de-la-chapelle-225x300.jpg 225w, https:\/\/helemaure.fr\/wp-content\/uploads\/2015\/07\/Le-lit-de-la-chapelle.jpg 600w\" sizes=\"(max-width: 225px) 100vw, 225px\" \/><\/noscript><\/a><\/p>\n<p>&nbsp;<\/p>\n<p>&nbsp;<\/p>\n<p>&nbsp;<\/p>\n<p>&nbsp;<\/p>\n<p>&nbsp;<\/p>\n<p>&nbsp;<\/p>\n<p>&nbsp;<\/p>\n<p><a href=\"https:\/\/helemaure.fr\/wp-content\/uploads\/2015\/07\/La-salle-de-bains-de-la-chapelle.jpg\"><img loading=\"lazy\" decoding=\"async\" class=\"alignright size-medium wp-image-806\" src=\"https:\/\/helemaure.fr\/wp-content\/themes\/grey-opaque\/plugins\/lazy-load\/images\/1x1.trans.gif\" data-lazy-src=\"https:\/\/helemaure.fr\/wp-content\/uploads\/2015\/07\/La-salle-de-bains-de-la-chapelle-219x300.jpg\" alt=\"La salle de bains de la chapelle\" width=\"219\" height=\"300\" \/><noscript><img loading=\"lazy\" decoding=\"async\" class=\"alignright size-medium wp-image-806\" src=\"https:\/\/helemaure.fr\/wp-content\/uploads\/2015\/07\/La-salle-de-bains-de-la-chapelle-219x300.jpg\" alt=\"La salle de bains de la chapelle\" width=\"219\" height=\"300\" srcset=\"https:\/\/helemaure.fr\/wp-content\/uploads\/2015\/07\/La-salle-de-bains-de-la-chapelle-219x300.jpg 219w, https:\/\/helemaure.fr\/wp-content\/uploads\/2015\/07\/La-salle-de-bains-de-la-chapelle.jpg 585w\" sizes=\"(max-width: 219px) 100vw, 219px\" \/><\/noscript><\/a><\/p>\n<p><a href=\"https:\/\/helemaure.fr\/wp-content\/uploads\/2015\/07\/La-cuisine-de-la-chapelle.jpg\"><img loading=\"lazy\" decoding=\"async\" class=\"alignleft size-medium wp-image-805\" src=\"https:\/\/helemaure.fr\/wp-content\/themes\/grey-opaque\/plugins\/lazy-load\/images\/1x1.trans.gif\" data-lazy-src=\"https:\/\/helemaure.fr\/wp-content\/uploads\/2015\/07\/La-cuisine-de-la-chapelle-225x300.jpg\" alt=\"La cuisine de la chapelle\" width=\"225\" height=\"300\" \/><noscript><img loading=\"lazy\" decoding=\"async\" class=\"alignleft size-medium wp-image-805\" src=\"https:\/\/helemaure.fr\/wp-content\/uploads\/2015\/07\/La-cuisine-de-la-chapelle-225x300.jpg\" alt=\"La cuisine de la chapelle\" width=\"225\" height=\"300\" srcset=\"https:\/\/helemaure.fr\/wp-content\/uploads\/2015\/07\/La-cuisine-de-la-chapelle-225x300.jpg 225w, https:\/\/helemaure.fr\/wp-content\/uploads\/2015\/07\/La-cuisine-de-la-chapelle.jpg 600w\" sizes=\"(max-width: 225px) 100vw, 225px\" \/><\/noscript><\/a><\/p>\n","protected":false},"excerpt":{"rendered":"<p>Au 19\u00b0 si\u00e8cle, Helemaure \u00e9tait en Italie. Dans ce pays, avoir une chapelle priv\u00e9e est un must pour toute maison de maitre qui se respecte. On rencontre encore souvent de telles chapelles dans la maisons de Toscane. Helemaure respecte la &hellip; <a href=\"https:\/\/helemaure.fr\/?page_id=381&#038;lang=fr\">Continue reading <span class=\"meta-nav\">&rarr;<\/span><\/a><\/p>\n","protected":false},"author":1,"featured_media":0,"parent":0,"menu_order":0,"comment_status":"closed","ping_status":"closed","template":"","meta":{"footnotes":""},"_links":{"self":[{"href":"https:\/\/helemaure.fr\/index.php?rest_route=\/wp\/v2\/pages\/381"}],"collection":[{"href":"https:\/\/helemaure.fr\/index.php?rest_route=\/wp\/v2\/pages"}],"about":[{"href":"https:\/\/helemaure.fr\/index.php?rest_route=\/wp\/v2\/types\/page"}],"author":[{"embeddable":true,"href":"https:\/\/helemaure.fr\/index.php?rest_route=\/wp\/v2\/users\/1"}],"replies":[{"embeddable":true,"href":"https:\/\/helemaure.fr\/index.php?rest_route=%2Fwp%2Fv2%2Fcomments&post=381"}],"version-history":[{"count":8,"href":"https:\/\/helemaure.fr\/index.php?rest_route=\/wp\/v2\/pages\/381\/revisions"}],"predecessor-version":[{"id":810,"href":"https:\/\/helemaure.fr\/index.php?rest_route=\/wp\/v2\/pages\/381\/revisions\/810"}],"wp:attachment":[{"href":"https:\/\/helemaure.fr\/index.php?rest_route=%2Fwp%2Fv2%2Fmedia&parent=381"}],"curies":[{"name":"wp","href":"https:\/\/api.w.org\/{rel}","templated":true}]}}