{"id":461,"date":"2015-07-03T13:02:18","date_gmt":"2015-07-03T13:02:18","guid":{"rendered":"http:\/\/helemaure.fr\/?page_id=461"},"modified":"2015-10-03T14:21:14","modified_gmt":"2015-10-03T14:21:14","slug":"les-coins-repos","status":"publish","type":"page","link":"https:\/\/helemaure.fr\/?page_id=461&lang=fr","title":{"rendered":"Les coins repos"},"content":{"rendered":"<p><a href=\"https:\/\/helemaure.fr\/wp-content\/uploads\/2015\/07\/Gloriette2.jpg\"><img loading=\"lazy\" decoding=\"async\" class=\"alignright wp-image-521 size-medium\" src=\"https:\/\/helemaure.fr\/wp-content\/themes\/grey-opaque\/plugins\/lazy-load\/images\/1x1.trans.gif\" data-lazy-src=\"https:\/\/helemaure.fr\/wp-content\/uploads\/2015\/07\/Gloriette2-300x199.jpg\" alt=\"\" width=\"300\" height=\"199\" \/><noscript><img loading=\"lazy\" decoding=\"async\" class=\"alignright wp-image-521 size-medium\" src=\"https:\/\/helemaure.fr\/wp-content\/uploads\/2015\/07\/Gloriette2-300x199.jpg\" alt=\"\" width=\"300\" height=\"199\" srcset=\"https:\/\/helemaure.fr\/wp-content\/uploads\/2015\/07\/Gloriette2-300x199.jpg 300w, https:\/\/helemaure.fr\/wp-content\/uploads\/2015\/07\/Gloriette2.jpg 624w\" sizes=\"(max-width: 300px) 100vw, 300px\" \/><\/noscript><\/a><\/p>\n<p style=\"text-align: justify;\">Ces endroits sont r\u00e9serv\u00e9s \u00e0 ceux qui veulent fuir les \u00e9bats au bord de <a href=\"https:\/\/helemaure.fr\/?page_id=281\">la piscine <\/a>ou qui veulent r\u00e9cup\u00e9rer des effets du ros\u00e9 du repas du midi sur <a href=\"https:\/\/helemaure.fr\/?page_id=57\">la terrasse<\/a>. Sous leur apparence paisible ce sont des pi\u00e8ges redoutables et plus d&#8217;un imprudent venu s&#8217;y installer pour quelques minutes s&#8217;est retrouv\u00e9 tout surpris d&#8217;avoir dormi tout l&#8217;apr\u00e8s midi.<\/p>\n<p style=\"text-align: justify;\">Le premier endroit est la gloriette en haut du grand escalier. Elle offre un lit \u00e0 l&#8217;abri du soleil et un petit salon d&#8217;\u00e9t\u00e9 avec un \u00e9clairage. Plusieurs jeunes r\u00e9sidents y ont pass\u00e9 leur premi\u00e8re nuit \u00e0 la belle \u00e9toile. Attention, il est d\u00e9fendu d&#8217;y fumer car le sol est en herbe.<\/p>\n<p><a href=\"https:\/\/helemaure.fr\/wp-content\/uploads\/2015\/07\/Hamac.jpg\"><img loading=\"lazy\" decoding=\"async\" class=\"alignleft wp-image-464 size-medium\" src=\"https:\/\/helemaure.fr\/wp-content\/themes\/grey-opaque\/plugins\/lazy-load\/images\/1x1.trans.gif\" data-lazy-src=\"https:\/\/helemaure.fr\/wp-content\/uploads\/2015\/07\/Hamac-300x200.jpg\" alt=\"Le hamac\" width=\"300\" height=\"200\" \/><noscript><img loading=\"lazy\" decoding=\"async\" class=\"alignleft wp-image-464 size-medium\" src=\"https:\/\/helemaure.fr\/wp-content\/uploads\/2015\/07\/Hamac-300x200.jpg\" alt=\"Le hamac\" width=\"300\" height=\"200\" srcset=\"https:\/\/helemaure.fr\/wp-content\/uploads\/2015\/07\/Hamac-300x200.jpg 300w, https:\/\/helemaure.fr\/wp-content\/uploads\/2015\/07\/Hamac.jpg 448w\" sizes=\"(max-width: 300px) 100vw, 300px\" \/><\/noscript><\/a><\/p>\n<p style=\"text-align: justify;\">Un peu plus haut, le hamac attend les plus aventureux. repos garanti en observant les \u00e9cureuils et les oiseaux.<\/p>\n","protected":false},"excerpt":{"rendered":"<p>Ces endroits sont r\u00e9serv\u00e9s \u00e0 ceux qui veulent fuir les \u00e9bats au bord de la piscine ou qui veulent r\u00e9cup\u00e9rer des effets du ros\u00e9 du repas du midi sur la terrasse. Sous leur apparence paisible ce sont des pi\u00e8ges redoutables &hellip; <a href=\"https:\/\/helemaure.fr\/?page_id=461&#038;lang=fr\">Continue reading <span class=\"meta-nav\">&rarr;<\/span><\/a><\/p>\n","protected":false},"author":1,"featured_media":0,"parent":0,"menu_order":0,"comment_status":"closed","ping_status":"closed","template":"","meta":{"footnotes":""},"_links":{"self":[{"href":"https:\/\/helemaure.fr\/index.php?rest_route=\/wp\/v2\/pages\/461"}],"collection":[{"href":"https:\/\/helemaure.fr\/index.php?rest_route=\/wp\/v2\/pages"}],"about":[{"href":"https:\/\/helemaure.fr\/index.php?rest_route=\/wp\/v2\/types\/page"}],"author":[{"embeddable":true,"href":"https:\/\/helemaure.fr\/index.php?rest_route=\/wp\/v2\/users\/1"}],"replies":[{"embeddable":true,"href":"https:\/\/helemaure.fr\/index.php?rest_route=%2Fwp%2Fv2%2Fcomments&post=461"}],"version-history":[{"count":2,"href":"https:\/\/helemaure.fr\/index.php?rest_route=\/wp\/v2\/pages\/461\/revisions"}],"predecessor-version":[{"id":522,"href":"https:\/\/helemaure.fr\/index.php?rest_route=\/wp\/v2\/pages\/461\/revisions\/522"}],"wp:attachment":[{"href":"https:\/\/helemaure.fr\/index.php?rest_route=%2Fwp%2Fv2%2Fmedia&parent=461"}],"curies":[{"name":"wp","href":"https:\/\/api.w.org\/{rel}","templated":true}]}}