{"id":472,"date":"2015-07-03T13:17:18","date_gmt":"2015-07-03T13:17:18","guid":{"rendered":"http:\/\/helemaure.fr\/?page_id=472"},"modified":"2015-07-03T13:19:09","modified_gmt":"2015-07-03T13:19:09","slug":"la-foret","status":"publish","type":"page","link":"https:\/\/helemaure.fr\/?page_id=472&lang=fr","title":{"rendered":"La for\u00eat"},"content":{"rendered":"<p><a href=\"https:\/\/helemaure.fr\/wp-content\/uploads\/2015\/07\/Le-bois.jpg\"><img loading=\"lazy\" decoding=\"async\" class=\"alignright wp-image-475 size-medium\" src=\"https:\/\/helemaure.fr\/wp-content\/themes\/grey-opaque\/plugins\/lazy-load\/images\/1x1.trans.gif\" data-lazy-src=\"https:\/\/helemaure.fr\/wp-content\/uploads\/2015\/07\/Le-bois-300x200.jpg\" alt=\"La foret\" width=\"300\" height=\"200\" \/><noscript><img loading=\"lazy\" decoding=\"async\" class=\"alignright wp-image-475 size-medium\" src=\"https:\/\/helemaure.fr\/wp-content\/uploads\/2015\/07\/Le-bois-300x200.jpg\" alt=\"La foret\" width=\"300\" height=\"200\" srcset=\"https:\/\/helemaure.fr\/wp-content\/uploads\/2015\/07\/Le-bois-300x200.jpg 300w, https:\/\/helemaure.fr\/wp-content\/uploads\/2015\/07\/Le-bois.jpg 448w\" sizes=\"(max-width: 300px) 100vw, 300px\" \/><\/noscript><\/a><\/p>\n<p style=\"text-align: justify;\">On acc\u00e8de \u00e0 la for\u00eat par le grand escalier. Elle occupe tout le haut de la colline.\u00a0 Plus de 5000 m\u00e8tres carr\u00e9s de bois attendent les jeunes aventuriers. Si vous \u00eates silencieux, vous verrez certainement des oiseaux et des \u00e9cureuils. Et, r\u00e9compense des plus courageux, le sommet de la colline abrite un bassin \u00e0 poissons avec de jolis n\u00e9nuphars.<\/p>\n<p><a href=\"https:\/\/helemaure.fr\/wp-content\/uploads\/2015\/07\/Le-bassin-aux-poissons.jpg\"><img loading=\"lazy\" decoding=\"async\" class=\"alignleft wp-image-474 size-medium\" src=\"https:\/\/helemaure.fr\/wp-content\/themes\/grey-opaque\/plugins\/lazy-load\/images\/1x1.trans.gif\" data-lazy-src=\"https:\/\/helemaure.fr\/wp-content\/uploads\/2015\/07\/Le-bassin-aux-poissons-300x200.jpg\" alt=\"Le bassin\" width=\"300\" height=\"200\" \/><noscript><img loading=\"lazy\" decoding=\"async\" class=\"alignleft wp-image-474 size-medium\" src=\"https:\/\/helemaure.fr\/wp-content\/uploads\/2015\/07\/Le-bassin-aux-poissons-300x200.jpg\" alt=\"Le bassin\" width=\"300\" height=\"200\" srcset=\"https:\/\/helemaure.fr\/wp-content\/uploads\/2015\/07\/Le-bassin-aux-poissons-300x200.jpg 300w, https:\/\/helemaure.fr\/wp-content\/uploads\/2015\/07\/Le-bassin-aux-poissons.jpg 448w\" sizes=\"(max-width: 300px) 100vw, 300px\" \/><\/noscript><\/a><\/p>\n<p><a href=\"https:\/\/helemaure.fr\/wp-content\/uploads\/2015\/07\/Le-grand-escalier.jpg\"><img loading=\"lazy\" decoding=\"async\" class=\"alignright wp-image-473 size-medium\" src=\"https:\/\/helemaure.fr\/wp-content\/themes\/grey-opaque\/plugins\/lazy-load\/images\/1x1.trans.gif\" data-lazy-src=\"https:\/\/helemaure.fr\/wp-content\/uploads\/2015\/07\/Le-grand-escalier-200x300.jpg\" alt=\"Le grand escalier\" width=\"200\" height=\"300\" \/><noscript><img loading=\"lazy\" decoding=\"async\" class=\"alignright wp-image-473 size-medium\" src=\"https:\/\/helemaure.fr\/wp-content\/uploads\/2015\/07\/Le-grand-escalier-200x300.jpg\" alt=\"Le grand escalier\" width=\"200\" height=\"300\" srcset=\"https:\/\/helemaure.fr\/wp-content\/uploads\/2015\/07\/Le-grand-escalier-200x300.jpg 200w, https:\/\/helemaure.fr\/wp-content\/uploads\/2015\/07\/Le-grand-escalier.jpg 298w\" sizes=\"(max-width: 200px) 100vw, 200px\" \/><\/noscript><\/a><\/p>\n","protected":false},"excerpt":{"rendered":"<p>On acc\u00e8de \u00e0 la for\u00eat par le grand escalier. Elle occupe tout le haut de la colline.\u00a0 Plus de 5000 m\u00e8tres carr\u00e9s de bois attendent les jeunes aventuriers. Si vous \u00eates silencieux, vous verrez certainement des oiseaux et des \u00e9cureuils. &hellip; <a href=\"https:\/\/helemaure.fr\/?page_id=472&#038;lang=fr\">Continue reading <span class=\"meta-nav\">&rarr;<\/span><\/a><\/p>\n","protected":false},"author":1,"featured_media":0,"parent":0,"menu_order":0,"comment_status":"closed","ping_status":"closed","template":"","meta":{"footnotes":""},"_links":{"self":[{"href":"https:\/\/helemaure.fr\/index.php?rest_route=\/wp\/v2\/pages\/472"}],"collection":[{"href":"https:\/\/helemaure.fr\/index.php?rest_route=\/wp\/v2\/pages"}],"about":[{"href":"https:\/\/helemaure.fr\/index.php?rest_route=\/wp\/v2\/types\/page"}],"author":[{"embeddable":true,"href":"https:\/\/helemaure.fr\/index.php?rest_route=\/wp\/v2\/users\/1"}],"replies":[{"embeddable":true,"href":"https:\/\/helemaure.fr\/index.php?rest_route=%2Fwp%2Fv2%2Fcomments&post=472"}],"version-history":[{"count":2,"href":"https:\/\/helemaure.fr\/index.php?rest_route=\/wp\/v2\/pages\/472\/revisions"}],"predecessor-version":[{"id":480,"href":"https:\/\/helemaure.fr\/index.php?rest_route=\/wp\/v2\/pages\/472\/revisions\/480"}],"wp:attachment":[{"href":"https:\/\/helemaure.fr\/index.php?rest_route=%2Fwp%2Fv2%2Fmedia&parent=472"}],"curies":[{"name":"wp","href":"https:\/\/api.w.org\/{rel}","templated":true}]}}