{"id":491,"date":"2015-07-03T13:35:40","date_gmt":"2015-07-03T13:35:40","guid":{"rendered":"http:\/\/helemaure.fr\/?page_id=491"},"modified":"2016-05-09T08:37:31","modified_gmt":"2016-05-09T08:37:31","slug":"lentree-la-route-et-le-parking","status":"publish","type":"page","link":"https:\/\/helemaure.fr\/?page_id=491&lang=fr","title":{"rendered":"L&#8217;entr\u00e9e, la route et le parking"},"content":{"rendered":"<p><a href=\"https:\/\/helemaure.fr\/wp-content\/uploads\/2015\/07\/Portail.jpg\"><img loading=\"lazy\" decoding=\"async\" class=\"alignright wp-image-494 size-medium\" src=\"https:\/\/helemaure.fr\/wp-content\/themes\/grey-opaque\/plugins\/lazy-load\/images\/1x1.trans.gif\" data-lazy-src=\"https:\/\/helemaure.fr\/wp-content\/uploads\/2015\/07\/Portail-300x230.jpg\" alt=\"Le portail\" width=\"300\" height=\"230\" \/><noscript><img loading=\"lazy\" decoding=\"async\" class=\"alignright wp-image-494 size-medium\" src=\"https:\/\/helemaure.fr\/wp-content\/uploads\/2015\/07\/Portail-300x230.jpg\" alt=\"Le portail\" width=\"300\" height=\"230\" srcset=\"https:\/\/helemaure.fr\/wp-content\/uploads\/2015\/07\/Portail-300x230.jpg 300w, https:\/\/helemaure.fr\/wp-content\/uploads\/2015\/07\/Portail.jpg 440w\" sizes=\"(max-width: 300px) 100vw, 300px\" \/><\/noscript><\/a><\/p>\n<p style=\"text-align: justify;\">H\u00e9l\u00e9maure est desservie par une voie priv\u00e9e qui s&#8217;engage apr\u00e8s le portail de la propri\u00e9t\u00e9. Cette route am\u00e8ne \u00e0 un parking priv\u00e9 qui peut accueillir cinq voitures.<\/p>\n<p><a href=\"https:\/\/helemaure.fr\/wp-content\/uploads\/2015\/07\/Parking.jpg\"><img loading=\"lazy\" decoding=\"async\" class=\"alignleft wp-image-493 size-medium\" src=\"https:\/\/helemaure.fr\/wp-content\/themes\/grey-opaque\/plugins\/lazy-load\/images\/1x1.trans.gif\" data-lazy-src=\"https:\/\/helemaure.fr\/wp-content\/uploads\/2015\/07\/Parking-300x200.jpg\" alt=\"Le parking\" width=\"300\" height=\"200\" \/><noscript><img loading=\"lazy\" decoding=\"async\" class=\"alignleft wp-image-493 size-medium\" src=\"https:\/\/helemaure.fr\/wp-content\/uploads\/2015\/07\/Parking-300x200.jpg\" alt=\"Le parking\" width=\"300\" height=\"200\" srcset=\"https:\/\/helemaure.fr\/wp-content\/uploads\/2015\/07\/Parking-300x200.jpg 300w, https:\/\/helemaure.fr\/wp-content\/uploads\/2015\/07\/Parking.jpg 440w\" sizes=\"(max-width: 300px) 100vw, 300px\" \/><\/noscript><\/a><a href=\"https:\/\/helemaure.fr\/wp-content\/uploads\/2015\/07\/Route.jpg\"><img loading=\"lazy\" decoding=\"async\" class=\"alignright wp-image-492 size-medium\" src=\"https:\/\/helemaure.fr\/wp-content\/themes\/grey-opaque\/plugins\/lazy-load\/images\/1x1.trans.gif\" data-lazy-src=\"https:\/\/helemaure.fr\/wp-content\/uploads\/2015\/07\/Route-300x225.jpg\" alt=\"La route\" width=\"300\" height=\"225\" \/><noscript><img loading=\"lazy\" decoding=\"async\" class=\"alignright wp-image-492 size-medium\" src=\"https:\/\/helemaure.fr\/wp-content\/uploads\/2015\/07\/Route-300x225.jpg\" alt=\"La route\" width=\"300\" height=\"225\" srcset=\"https:\/\/helemaure.fr\/wp-content\/uploads\/2015\/07\/Route-300x225.jpg 300w, https:\/\/helemaure.fr\/wp-content\/uploads\/2015\/07\/Route.jpg 448w\" sizes=\"(max-width: 300px) 100vw, 300px\" \/><\/noscript><\/a><\/p>\n","protected":false},"excerpt":{"rendered":"<p>H\u00e9l\u00e9maure est desservie par une voie priv\u00e9e qui s&#8217;engage apr\u00e8s le portail de la propri\u00e9t\u00e9. Cette route am\u00e8ne \u00e0 un parking priv\u00e9 qui peut accueillir cinq voitures.<\/p>\n","protected":false},"author":1,"featured_media":0,"parent":0,"menu_order":0,"comment_status":"closed","ping_status":"closed","template":"","meta":{"footnotes":""},"_links":{"self":[{"href":"https:\/\/helemaure.fr\/index.php?rest_route=\/wp\/v2\/pages\/491"}],"collection":[{"href":"https:\/\/helemaure.fr\/index.php?rest_route=\/wp\/v2\/pages"}],"about":[{"href":"https:\/\/helemaure.fr\/index.php?rest_route=\/wp\/v2\/types\/page"}],"author":[{"embeddable":true,"href":"https:\/\/helemaure.fr\/index.php?rest_route=\/wp\/v2\/users\/1"}],"replies":[{"embeddable":true,"href":"https:\/\/helemaure.fr\/index.php?rest_route=%2Fwp%2Fv2%2Fcomments&post=491"}],"version-history":[{"count":1,"href":"https:\/\/helemaure.fr\/index.php?rest_route=\/wp\/v2\/pages\/491\/revisions"}],"predecessor-version":[{"id":495,"href":"https:\/\/helemaure.fr\/index.php?rest_route=\/wp\/v2\/pages\/491\/revisions\/495"}],"wp:attachment":[{"href":"https:\/\/helemaure.fr\/index.php?rest_route=%2Fwp%2Fv2%2Fmedia&parent=491"}],"curies":[{"name":"wp","href":"https:\/\/api.w.org\/{rel}","templated":true}]}}