{"id":53,"date":"2015-06-27T14:22:36","date_gmt":"2015-06-27T14:22:36","guid":{"rendered":"http:\/\/helemaure.fr\/?page_id=53"},"modified":"2015-06-27T15:22:49","modified_gmt":"2015-06-27T15:22:49","slug":"la-belle-chambre","status":"publish","type":"page","link":"https:\/\/helemaure.fr\/?page_id=53&lang=fr","title":{"rendered":"La belle chambre"},"content":{"rendered":"<p style=\"text-align: justify;\"><img loading=\"lazy\" decoding=\"async\" class=\"wp-image-54 size-medium alignright\" src=\"https:\/\/helemaure.fr\/wp-content\/themes\/grey-opaque\/plugins\/lazy-load\/images\/1x1.trans.gif\" data-lazy-src=\"https:\/\/helemaure.fr\/wp-content\/uploads\/2015\/06\/La-belle-chambre-300x221.jpg\" alt=\"La belle chambre\" width=\"300\" height=\"221\" \/><noscript><img loading=\"lazy\" decoding=\"async\" class=\"wp-image-54 size-medium alignright\" src=\"https:\/\/helemaure.fr\/wp-content\/uploads\/2015\/06\/La-belle-chambre-300x221.jpg\" alt=\"La belle chambre\" width=\"300\" height=\"221\" srcset=\"https:\/\/helemaure.fr\/wp-content\/uploads\/2015\/06\/La-belle-chambre-300x221.jpg 300w, https:\/\/helemaure.fr\/wp-content\/uploads\/2015\/06\/La-belle-chambre.jpg 610w\" sizes=\"(max-width: 300px) 100vw, 300px\" \/><\/noscript>En Provence, la belle chambre est traditionnellement le nom de la chambre principale de la maison, celle qui est occup\u00e9e par le propri\u00e9taire. Celle ci ne fait pas exception et est probablement la plus belle chambre de la maison. Elle est situ\u00e9e \u00e0 l&#8217;\u00e9tage principal de la maison juste \u00e0 c\u00f4t\u00e9 <a href=\"https:\/\/helemaure.fr\/?page_id=63\">du salon\u00a0principal\u00a0<\/a>avec lequel elle communique et donne directement sur <a href=\"https:\/\/helemaure.fr\/?page_id=57\">la terrasse<\/a>\u00a0par une porte fen\u00eatre. Elle poss\u00e8de un\u00a0lit double, deux grands placards\u00a0et un tr\u00e8s joli sol traditionnel \u00e0 base de carrelage anciens et de traverses de ch\u00eane.<\/p>\n<p style=\"text-align: justify;\"><a href=\"https:\/\/helemaure.fr\/wp-content\/uploads\/2015\/06\/Salle-de-bains-belle-chambre.jpg\"><img loading=\"lazy\" decoding=\"async\" class=\"alignleft wp-image-55 size-medium\" src=\"https:\/\/helemaure.fr\/wp-content\/themes\/grey-opaque\/plugins\/lazy-load\/images\/1x1.trans.gif\" data-lazy-src=\"https:\/\/helemaure.fr\/wp-content\/uploads\/2015\/06\/Salle-de-bains-belle-chambre-300x225.jpg\" alt=\"Salle de bains belle chambre\" width=\"300\" height=\"225\" \/><noscript><img loading=\"lazy\" decoding=\"async\" class=\"alignleft wp-image-55 size-medium\" src=\"https:\/\/helemaure.fr\/wp-content\/uploads\/2015\/06\/Salle-de-bains-belle-chambre-300x225.jpg\" alt=\"Salle de bains belle chambre\" width=\"300\" height=\"225\" srcset=\"https:\/\/helemaure.fr\/wp-content\/uploads\/2015\/06\/Salle-de-bains-belle-chambre-300x225.jpg 300w, https:\/\/helemaure.fr\/wp-content\/uploads\/2015\/06\/Salle-de-bains-belle-chambre.jpg 600w\" sizes=\"(max-width: 300px) 100vw, 300px\" \/><\/noscript><\/a><\/p>\n<p style=\"text-align: justify;\">La belle chambre poss\u00e8de sa salle de bain priv\u00e9e comportant une douche \u00e0 jets et des toilettes priv\u00e9es.<\/p>\n","protected":false},"excerpt":{"rendered":"<p>En Provence, la belle chambre est traditionnellement le nom de la chambre principale de la maison, celle qui est occup\u00e9e par le propri\u00e9taire. Celle ci ne fait pas exception et est probablement la plus belle chambre de la maison. Elle &hellip; <a href=\"https:\/\/helemaure.fr\/?page_id=53&#038;lang=fr\">Continue reading <span class=\"meta-nav\">&rarr;<\/span><\/a><\/p>\n","protected":false},"author":1,"featured_media":0,"parent":0,"menu_order":0,"comment_status":"closed","ping_status":"closed","template":"","meta":{"footnotes":""},"_links":{"self":[{"href":"https:\/\/helemaure.fr\/index.php?rest_route=\/wp\/v2\/pages\/53"}],"collection":[{"href":"https:\/\/helemaure.fr\/index.php?rest_route=\/wp\/v2\/pages"}],"about":[{"href":"https:\/\/helemaure.fr\/index.php?rest_route=\/wp\/v2\/types\/page"}],"author":[{"embeddable":true,"href":"https:\/\/helemaure.fr\/index.php?rest_route=\/wp\/v2\/users\/1"}],"replies":[{"embeddable":true,"href":"https:\/\/helemaure.fr\/index.php?rest_route=%2Fwp%2Fv2%2Fcomments&post=53"}],"version-history":[{"count":13,"href":"https:\/\/helemaure.fr\/index.php?rest_route=\/wp\/v2\/pages\/53\/revisions"}],"predecessor-version":[{"id":80,"href":"https:\/\/helemaure.fr\/index.php?rest_route=\/wp\/v2\/pages\/53\/revisions\/80"}],"wp:attachment":[{"href":"https:\/\/helemaure.fr\/index.php?rest_route=%2Fwp%2Fv2%2Fmedia&parent=53"}],"curies":[{"name":"wp","href":"https:\/\/api.w.org\/{rel}","templated":true}]}}