{"id":537,"date":"2016-04-19T10:17:35","date_gmt":"2016-04-19T10:17:35","guid":{"rendered":"http:\/\/helemaure.fr\/?page_id=537"},"modified":"2020-07-14T14:59:03","modified_gmt":"2020-07-14T14:59:03","slug":"histoire-de-la-maison","status":"publish","type":"page","link":"https:\/\/helemaure.fr\/?page_id=537&lang=fr","title":{"rendered":"Histoire de la maison"},"content":{"rendered":"<p style=\"text-align: justify;\">Le nom de P\u00e9gomas appara\u00eet pour la <a href=\"https:\/\/helemaure.fr\/wp-content\/uploads\/2016\/04\/Blason-de-Pegomas.png\"><img loading=\"lazy\" decoding=\"async\" class=\"alignright wp-image-539 size-full\" src=\"https:\/\/helemaure.fr\/wp-content\/themes\/grey-opaque\/plugins\/lazy-load\/images\/1x1.trans.gif\" data-lazy-src=\"https:\/\/helemaure.fr\/wp-content\/uploads\/2016\/04\/Blason-de-Pegomas.png\" alt=\"Blason de Pegomas\" width=\"100\" height=\"110\" \/><noscript><img loading=\"lazy\" decoding=\"async\" class=\"alignright wp-image-539 size-full\" src=\"https:\/\/helemaure.fr\/wp-content\/uploads\/2016\/04\/Blason-de-Pegomas.png\" alt=\"Blason de Pegomas\" width=\"100\" height=\"110\" \/><\/noscript><\/a>premi\u00e8re fois en 1130 lorsque les comtes de Toulouse c\u00e9dent les terres de &#8220;P\u00e9gomacio&#8221; \u00e0 l&#8217; <a title=\"Abbaye de L\u00e9rins\" href=\"https:\/\/fr.wikipedia.org\/wiki\/Abbaye_de_L%C3%A9rins\">abbaye de L\u00e9rins<\/a>.\u00a0La\u00a0plaine de la Siagne a longtemps \u00e9t\u00e9 un mar\u00e9cage insalubre et les habitations \u00e9taient donc limit\u00e9es aux collines dominant la vall\u00e9e.<\/p>\n<p style=\"text-align: justify;\">En <a title=\"1808\" href=\"https:\/\/fr.wikipedia.org\/wiki\/1808\">1808<\/a>, une importante crue ouvre une br\u00e8che sur le front de mer, permettant \u00e0 la <a title=\"Siagne\" href=\"https:\/\/fr.wikipedia.org\/wiki\/Siagne\">Siagne<\/a> de se cr\u00e9er un v\u00e9ritable lit, lib\u00e9rant les terres alluviales favorables \u00e0 l\u2019agriculture, dans un climat devenu salubre. La population peut alors cro\u00eetre parmi des champs prosp\u00e8res. L&#8217;existence de la maison est attest\u00e9e depuis 1802. Elle est donc, selon toute vraisemblance, une des plus anciennes du village.<\/p>\n<p style=\"text-align: justify;\"><a href=\"https:\/\/helemaure.fr\/wp-content\/uploads\/2016\/04\/Puits.jpg\"><img loading=\"lazy\" decoding=\"async\" class=\"alignleft wp-image-542 size-thumbnail\" src=\"https:\/\/helemaure.fr\/wp-content\/themes\/grey-opaque\/plugins\/lazy-load\/images\/1x1.trans.gif\" data-lazy-src=\"https:\/\/helemaure.fr\/wp-content\/uploads\/2016\/04\/Puits-150x150.jpg\" alt=\"Le vieux puits\" width=\"150\" height=\"150\" \/><noscript><img loading=\"lazy\" decoding=\"async\" class=\"alignleft wp-image-542 size-thumbnail\" src=\"https:\/\/helemaure.fr\/wp-content\/uploads\/2016\/04\/Puits-150x150.jpg\" alt=\"Le vieux puits\" width=\"150\" height=\"150\" \/><\/noscript><\/a>Le choix de l&#8217;emplacement n&#8217;est pas anodin. Dans ce pays, l&#8217;eau est une denr\u00e9e pr\u00e9cieuse. La maison est donc plac\u00e9e juste \u00e0 proximit\u00e9 du puits. Ce puits a \u00e9t\u00e9 remani\u00e9 au cours des extensions successives notamment lors de la cr\u00e9ation du <a href=\"https:\/\/helemaure.fr\/?page_id=360&amp;lang=fr\">boulodrome<\/a>, mais il est toujours l\u00e0.<\/p>\n<p style=\"text-align: justify;\">A l&#8217;origine, la maison n&#8217;\u00e9tait sans doute qu&#8217;un modeste cabanon, compos\u00e9 d&#8217;une pi\u00e8ce devenue <a href=\"https:\/\/helemaure.fr\/?page_id=155&amp;lang=fr\">la chambre du voyageur<\/a> et d&#8217;un grenier, devenu <a href=\"https:\/\/helemaure.fr\/?page_id=53&amp;lang=fr\">la belle chambre<\/a>. Au dix neuvi\u00e8me si\u00e8cle, la maison s&#8217;agrandit et devient ce qu&#8217;on appelle alors une campagne c&#8217;est \u00e0 dire une maison de ma\u00eetre et de rapport appartenant \u00e0 un riche Monsieur de la ville.<\/p>\n<p style=\"text-align: justify;\"><img loading=\"lazy\" decoding=\"async\" class=\"alignright wp-image-541 size-medium\" src=\"https:\/\/helemaure.fr\/wp-content\/themes\/grey-opaque\/plugins\/lazy-load\/images\/1x1.trans.gif\" data-lazy-src=\"https:\/\/helemaure.fr\/wp-content\/uploads\/2016\/04\/Vue-de-face-300x197.jpg\" alt=\"La maison au dix-neuvi\u00e8me siecle\" width=\"300\" height=\"197\" \/><noscript><img loading=\"lazy\" decoding=\"async\" class=\"alignright wp-image-541 size-medium\" src=\"https:\/\/helemaure.fr\/wp-content\/uploads\/2016\/04\/Vue-de-face-300x197.jpg\" alt=\"La maison au dix-neuvi\u00e8me siecle\" width=\"300\" height=\"197\" srcset=\"https:\/\/helemaure.fr\/wp-content\/uploads\/2016\/04\/Vue-de-face-300x197.jpg 300w, https:\/\/helemaure.fr\/wp-content\/uploads\/2016\/04\/Vue-de-face.jpg 500w\" sizes=\"(max-width: 300px) 100vw, 300px\" \/><\/noscript>A cette \u00e9poque, les terres de la propri\u00e9t\u00e9 s&#8217;\u00e9tendaient sur l&#8217;ensemble de la colline jusqu&#8217;\u00e0 la route d\u00e9partementale et au ruisseau de la Mourachonne. La culture majeure de l&#8217;\u00e9poque \u00e9tait la fleur, principale mati\u00e8re premi\u00e8re des parfumeries de Grasse. On voit encore dans le terrain le reste des syst\u00e8mes d&#8217;irrigation de l&#8217;\u00e9poque. Sur le versant sud de la colline, on cultivait le jasmin et sur le versant nord et dans la plaine la rose. Certains agriculteurs de P\u00e9gomas cultivent toujours une vari\u00e9t\u00e9 sp\u00e9ciale de rose, utilis\u00e9e en parfumerie en particulier dans le num\u00e9ro 5 de Chanel.<\/p>\n<p style=\"text-align: justify;\"><a href=\"https:\/\/helemaure.fr\/wp-content\/uploads\/2016\/04\/Vue-aerienne.jpg\"><img loading=\"lazy\" decoding=\"async\" class=\"alignleft size-medium wp-image-540\" src=\"https:\/\/helemaure.fr\/wp-content\/themes\/grey-opaque\/plugins\/lazy-load\/images\/1x1.trans.gif\" data-lazy-src=\"https:\/\/helemaure.fr\/wp-content\/uploads\/2016\/04\/Vue-aerienne-300x215.jpg\" alt=\"Vue aerienne\" width=\"300\" height=\"215\" \/><noscript><img loading=\"lazy\" decoding=\"async\" class=\"alignleft size-medium wp-image-540\" src=\"https:\/\/helemaure.fr\/wp-content\/uploads\/2016\/04\/Vue-aerienne-300x215.jpg\" alt=\"Vue aerienne\" width=\"300\" height=\"215\" srcset=\"https:\/\/helemaure.fr\/wp-content\/uploads\/2016\/04\/Vue-aerienne-300x215.jpg 300w, https:\/\/helemaure.fr\/wp-content\/uploads\/2016\/04\/Vue-aerienne.jpg 500w\" sizes=\"(max-width: 300px) 100vw, 300px\" \/><\/noscript><\/a>Vers 1950, la culture de la fleur se d\u00e9localise. La maison est rachet\u00e9e par une famille qui construira <a href=\"https:\/\/helemaure.fr\/?page_id=57&amp;lang=fr\">la terrasse<\/a> et <a href=\"https:\/\/helemaure.fr\/?page_id=257&amp;lang=fr\">la grande salle<\/a> et plantera une grande partie des 500 arbres qui rendent aujourd&#8217;hui la propri\u00e9t\u00e9 si agr\u00e9able. \u00a0Les propri\u00e9taires actuels ont construit <a href=\"https:\/\/helemaure.fr\/?page_id=281&amp;lang=fr\">la piscine<\/a> et ont men\u00e9 les r\u00e9novations qui s&#8217;imposaient pour permettre\u00a0\u00e0 la maison d&#8217;offrir des prestations de haut niveau tout en ayant conserv\u00e9 son aspect authentique.<\/p>\n","protected":false},"excerpt":{"rendered":"<p>Le nom de P\u00e9gomas appara\u00eet pour la premi\u00e8re fois en 1130 lorsque les comtes de Toulouse c\u00e9dent les terres de &#8220;P\u00e9gomacio&#8221; \u00e0 l&#8217; abbaye de L\u00e9rins.\u00a0La\u00a0plaine de la Siagne a longtemps \u00e9t\u00e9 un mar\u00e9cage insalubre et les habitations \u00e9taient donc &hellip; <a href=\"https:\/\/helemaure.fr\/?page_id=537&#038;lang=fr\">Continue reading <span class=\"meta-nav\">&rarr;<\/span><\/a><\/p>\n","protected":false},"author":1,"featured_media":0,"parent":0,"menu_order":0,"comment_status":"closed","ping_status":"closed","template":"","meta":{"footnotes":""},"_links":{"self":[{"href":"https:\/\/helemaure.fr\/index.php?rest_route=\/wp\/v2\/pages\/537"}],"collection":[{"href":"https:\/\/helemaure.fr\/index.php?rest_route=\/wp\/v2\/pages"}],"about":[{"href":"https:\/\/helemaure.fr\/index.php?rest_route=\/wp\/v2\/types\/page"}],"author":[{"embeddable":true,"href":"https:\/\/helemaure.fr\/index.php?rest_route=\/wp\/v2\/users\/1"}],"replies":[{"embeddable":true,"href":"https:\/\/helemaure.fr\/index.php?rest_route=%2Fwp%2Fv2%2Fcomments&post=537"}],"version-history":[{"count":9,"href":"https:\/\/helemaure.fr\/index.php?rest_route=\/wp\/v2\/pages\/537\/revisions"}],"predecessor-version":[{"id":898,"href":"https:\/\/helemaure.fr\/index.php?rest_route=\/wp\/v2\/pages\/537\/revisions\/898"}],"wp:attachment":[{"href":"https:\/\/helemaure.fr\/index.php?rest_route=%2Fwp%2Fv2%2Fmedia&parent=537"}],"curies":[{"name":"wp","href":"https:\/\/api.w.org\/{rel}","templated":true}]}}