{"id":57,"date":"2015-06-27T14:22:59","date_gmt":"2015-06-27T14:22:59","guid":{"rendered":"http:\/\/helemaure.fr\/?page_id=57"},"modified":"2015-06-27T15:47:14","modified_gmt":"2015-06-27T15:47:14","slug":"la-terrasse","status":"publish","type":"page","link":"https:\/\/helemaure.fr\/?page_id=57&lang=fr","title":{"rendered":"La terrasse"},"content":{"rendered":"<p style=\"text-align: justify;\"><a href=\"https:\/\/helemaure.fr\/wp-content\/uploads\/2015\/06\/Terrasse1.jpg\"><img loading=\"lazy\" decoding=\"async\" class=\"alignright wp-image-125 size-medium\" src=\"https:\/\/helemaure.fr\/wp-content\/themes\/grey-opaque\/plugins\/lazy-load\/images\/1x1.trans.gif\" data-lazy-src=\"https:\/\/helemaure.fr\/wp-content\/uploads\/2015\/06\/Terrasse1-300x200.jpg\" alt=\"La terrasse\" width=\"300\" height=\"200\" \/><noscript><img loading=\"lazy\" decoding=\"async\" class=\"alignright wp-image-125 size-medium\" src=\"https:\/\/helemaure.fr\/wp-content\/uploads\/2015\/06\/Terrasse1-300x200.jpg\" alt=\"La terrasse\" width=\"300\" height=\"200\" srcset=\"https:\/\/helemaure.fr\/wp-content\/uploads\/2015\/06\/Terrasse1-300x200.jpg 300w, https:\/\/helemaure.fr\/wp-content\/uploads\/2015\/06\/Terrasse1.jpg 448w\" sizes=\"(max-width: 300px) 100vw, 300px\" \/><\/noscript><\/a>La terrasse est le c\u0153ur de la maison. \u00c9t\u00e9 comme hiver d\u00e8s que le temps le permet, on y prend ses repas sur les grandes tables\u00a0et on y l\u00e9zarde dans le salon de jardin. La vue y est magnifique sur toute la vall\u00e9e et le bas de la propri\u00e9t\u00e9. Le soir, l&#8217;endroit est d\u00e9licieusement romantique que ce soit pour un diner fin ou pour un barbecue avant de refaire le monde sous les \u00e9toile. Et le lendemain matin, y prendre son petit d\u00e9jeuner sous le soleil\u00a0vous met en forme pour la journ\u00e9e.<\/p>\n<p><a href=\"https:\/\/helemaure.fr\/wp-content\/uploads\/2015\/06\/Salon-terrasse.jpg\"><img loading=\"lazy\" decoding=\"async\" class=\"alignleft wp-image-123 size-medium\" src=\"https:\/\/helemaure.fr\/wp-content\/themes\/grey-opaque\/plugins\/lazy-load\/images\/1x1.trans.gif\" data-lazy-src=\"https:\/\/helemaure.fr\/wp-content\/uploads\/2015\/06\/Salon-terrasse-300x199.jpg\" alt=\"Le coin salon\" width=\"300\" height=\"199\" \/><noscript><img loading=\"lazy\" decoding=\"async\" class=\"alignleft wp-image-123 size-medium\" src=\"https:\/\/helemaure.fr\/wp-content\/uploads\/2015\/06\/Salon-terrasse-300x199.jpg\" alt=\"Le coin salon\" width=\"300\" height=\"199\" srcset=\"https:\/\/helemaure.fr\/wp-content\/uploads\/2015\/06\/Salon-terrasse-300x199.jpg 300w, https:\/\/helemaure.fr\/wp-content\/uploads\/2015\/06\/Salon-terrasse.jpg 448w\" sizes=\"(max-width: 300px) 100vw, 300px\" \/><\/noscript><\/a><a href=\"https:\/\/helemaure.fr\/wp-content\/uploads\/2015\/06\/Terrasse-diner.jpg\"><img loading=\"lazy\" decoding=\"async\" class=\"alignright wp-image-124 size-medium\" src=\"https:\/\/helemaure.fr\/wp-content\/themes\/grey-opaque\/plugins\/lazy-load\/images\/1x1.trans.gif\" data-lazy-src=\"https:\/\/helemaure.fr\/wp-content\/uploads\/2015\/06\/Terrasse-diner-300x199.jpg\" alt=\"Terrasse diner\" width=\"300\" height=\"199\" \/><noscript><img loading=\"lazy\" decoding=\"async\" class=\"alignright wp-image-124 size-medium\" src=\"https:\/\/helemaure.fr\/wp-content\/uploads\/2015\/06\/Terrasse-diner-300x199.jpg\" alt=\"Terrasse diner\" width=\"300\" height=\"199\" srcset=\"https:\/\/helemaure.fr\/wp-content\/uploads\/2015\/06\/Terrasse-diner-300x199.jpg 300w, https:\/\/helemaure.fr\/wp-content\/uploads\/2015\/06\/Terrasse-diner.jpg 448w\" sizes=\"(max-width: 300px) 100vw, 300px\" \/><\/noscript><\/a><\/p>\n<p><a href=\"https:\/\/helemaure.fr\/wp-content\/uploads\/2015\/06\/Barbecue.jpg\"><img loading=\"lazy\" decoding=\"async\" class=\"alignleft size-medium wp-image-121\" src=\"https:\/\/helemaure.fr\/wp-content\/themes\/grey-opaque\/plugins\/lazy-load\/images\/1x1.trans.gif\" data-lazy-src=\"https:\/\/helemaure.fr\/wp-content\/uploads\/2015\/06\/Barbecue-300x199.jpg\" alt=\"Barbecue\" width=\"300\" height=\"199\" \/><noscript><img loading=\"lazy\" decoding=\"async\" class=\"alignleft size-medium wp-image-121\" src=\"https:\/\/helemaure.fr\/wp-content\/uploads\/2015\/06\/Barbecue-300x199.jpg\" alt=\"Barbecue\" width=\"300\" height=\"199\" srcset=\"https:\/\/helemaure.fr\/wp-content\/uploads\/2015\/06\/Barbecue-300x199.jpg 300w, https:\/\/helemaure.fr\/wp-content\/uploads\/2015\/06\/Barbecue.jpg 448w\" sizes=\"(max-width: 300px) 100vw, 300px\" \/><\/noscript><\/a><a href=\"https:\/\/helemaure.fr\/wp-content\/uploads\/2015\/06\/Petit-dejeuner-terrasse.jpg\"><img loading=\"lazy\" decoding=\"async\" class=\" size-medium wp-image-122 alignright\" src=\"https:\/\/helemaure.fr\/wp-content\/themes\/grey-opaque\/plugins\/lazy-load\/images\/1x1.trans.gif\" data-lazy-src=\"https:\/\/helemaure.fr\/wp-content\/uploads\/2015\/06\/Petit-dejeuner-terrasse-300x198.jpg\" alt=\"Petit dejeuner sur la terrasse\" width=\"300\" height=\"198\" \/><noscript><img loading=\"lazy\" decoding=\"async\" class=\" size-medium wp-image-122 alignright\" src=\"https:\/\/helemaure.fr\/wp-content\/uploads\/2015\/06\/Petit-dejeuner-terrasse-300x198.jpg\" alt=\"Petit dejeuner sur la terrasse\" width=\"300\" height=\"198\" srcset=\"https:\/\/helemaure.fr\/wp-content\/uploads\/2015\/06\/Petit-dejeuner-terrasse-300x198.jpg 300w, https:\/\/helemaure.fr\/wp-content\/uploads\/2015\/06\/Petit-dejeuner-terrasse.jpg 448w\" sizes=\"(max-width: 300px) 100vw, 300px\" \/><\/noscript><\/a><\/p>\n<p><a href=\"https:\/\/helemaure.fr\/wp-content\/uploads\/2015\/06\/Terrasse-diner.jpg\">\u00a0<\/a><\/p>\n","protected":false},"excerpt":{"rendered":"<p>La terrasse est le c\u0153ur de la maison. \u00c9t\u00e9 comme hiver d\u00e8s que le temps le permet, on y prend ses repas sur les grandes tables\u00a0et on y l\u00e9zarde dans le salon de jardin. La vue y est magnifique sur &hellip; <a href=\"https:\/\/helemaure.fr\/?page_id=57&#038;lang=fr\">Continue reading <span class=\"meta-nav\">&rarr;<\/span><\/a><\/p>\n","protected":false},"author":1,"featured_media":0,"parent":0,"menu_order":0,"comment_status":"closed","ping_status":"closed","template":"","meta":{"footnotes":""},"_links":{"self":[{"href":"https:\/\/helemaure.fr\/index.php?rest_route=\/wp\/v2\/pages\/57"}],"collection":[{"href":"https:\/\/helemaure.fr\/index.php?rest_route=\/wp\/v2\/pages"}],"about":[{"href":"https:\/\/helemaure.fr\/index.php?rest_route=\/wp\/v2\/types\/page"}],"author":[{"embeddable":true,"href":"https:\/\/helemaure.fr\/index.php?rest_route=\/wp\/v2\/users\/1"}],"replies":[{"embeddable":true,"href":"https:\/\/helemaure.fr\/index.php?rest_route=%2Fwp%2Fv2%2Fcomments&post=57"}],"version-history":[{"count":5,"href":"https:\/\/helemaure.fr\/index.php?rest_route=\/wp\/v2\/pages\/57\/revisions"}],"predecessor-version":[{"id":127,"href":"https:\/\/helemaure.fr\/index.php?rest_route=\/wp\/v2\/pages\/57\/revisions\/127"}],"wp:attachment":[{"href":"https:\/\/helemaure.fr\/index.php?rest_route=%2Fwp%2Fv2%2Fmedia&parent=57"}],"curies":[{"name":"wp","href":"https:\/\/api.w.org\/{rel}","templated":true}]}}