{"id":574,"date":"2016-04-19T13:31:30","date_gmt":"2016-04-19T13:31:30","guid":{"rendered":"http:\/\/helemaure.fr\/?page_id=574"},"modified":"2016-04-19T15:00:03","modified_gmt":"2016-04-19T15:00:03","slug":"la-mer","status":"publish","type":"page","link":"https:\/\/helemaure.fr\/?page_id=574&lang=fr","title":{"rendered":"La mer"},"content":{"rendered":"<p style=\"text-align: justify;\"><a href=\"https:\/\/helemaure.fr\/wp-content\/uploads\/2016\/04\/Marseille-train-bleu1.jpg\"><img loading=\"lazy\" decoding=\"async\" class=\"alignright wp-image-576 size-medium\" src=\"https:\/\/helemaure.fr\/wp-content\/themes\/grey-opaque\/plugins\/lazy-load\/images\/1x1.trans.gif\" data-lazy-src=\"https:\/\/helemaure.fr\/wp-content\/uploads\/2016\/04\/Marseille-train-bleu1-300x162.jpg\" alt=\"Marseille-train-bleu1\" width=\"300\" height=\"162\" \/><noscript><img loading=\"lazy\" decoding=\"async\" class=\"alignright wp-image-576 size-medium\" src=\"https:\/\/helemaure.fr\/wp-content\/uploads\/2016\/04\/Marseille-train-bleu1-300x162.jpg\" alt=\"Marseille-train-bleu1\" width=\"300\" height=\"162\" srcset=\"https:\/\/helemaure.fr\/wp-content\/uploads\/2016\/04\/Marseille-train-bleu1-300x162.jpg 300w, https:\/\/helemaure.fr\/wp-content\/uploads\/2016\/04\/Marseille-train-bleu1.jpg 499w\" sizes=\"(max-width: 300px) 100vw, 300px\" \/><\/noscript><\/a>Les romains l&#8217;appelaient mare nostrum, les riches anglais du dix-neuvi\u00e8me si\u00e8cle pensaient que c&#8217;\u00e9tait la plus belle mer du monde et y venaient en voyage de luxe. La m\u00e9diterran\u00e9e est tout pr\u00e8s de la maison et offre de nombreuses activit\u00e9s pour tous les go\u00fbts et tous les budgets.<\/p>\n<p>Activit\u00e9s possibles:<\/p>\n<ul>\n<li><a href=\"https:\/\/helemaure.fr\/wp-content\/uploads\/2016\/04\/Dramont.jpg\"><img loading=\"lazy\" decoding=\"async\" class=\"alignright size-full wp-image-575\" src=\"https:\/\/helemaure.fr\/wp-content\/themes\/grey-opaque\/plugins\/lazy-load\/images\/1x1.trans.gif\" data-lazy-src=\"https:\/\/helemaure.fr\/wp-content\/uploads\/2016\/04\/Dramont.jpg\" alt=\"Dramont\" width=\"225\" height=\"200\" \/><noscript><img loading=\"lazy\" decoding=\"async\" class=\"alignright size-full wp-image-575\" src=\"https:\/\/helemaure.fr\/wp-content\/uploads\/2016\/04\/Dramont.jpg\" alt=\"Dramont\" width=\"225\" height=\"200\" \/><\/noscript><\/a><a href=\"http:\/\/www.ot-mandelieu.fr\/sortez-a-mandelieu\/plages-mandelieu.php\">La plage de Mandelieu<\/a><\/li>\n<li><a href=\"http:\/\/www.esterel-cotedazur.com\/littoral-var\/corniche-dor-saint-raphael\/\">La corniche de l&#8217;Esterel<\/a><\/li>\n<li><a href=\"http:\/\/www.cannes-destination.fr\/visites-incontournables\/iles-lerins-cannes\">Les iles de Lerins<\/a><\/li>\n<li>Marineland<\/li>\n<li>Louer un bateau<\/li>\n<li>Faire du kitesurf<\/li>\n<li>Louer un jet ski<\/li>\n<li>Louer un voilier<\/li>\n<li>Faire du ski nautique<\/li>\n<li>Plonger<\/li>\n<li>P\u00eacher<\/li>\n<\/ul>\n","protected":false},"excerpt":{"rendered":"<p>Les romains l&#8217;appelaient mare nostrum, les riches anglais du dix-neuvi\u00e8me si\u00e8cle pensaient que c&#8217;\u00e9tait la plus belle mer du monde et y venaient en voyage de luxe. La m\u00e9diterran\u00e9e est tout pr\u00e8s de la maison et offre de nombreuses activit\u00e9s &hellip; <a href=\"https:\/\/helemaure.fr\/?page_id=574&#038;lang=fr\">Continue reading <span class=\"meta-nav\">&rarr;<\/span><\/a><\/p>\n","protected":false},"author":1,"featured_media":0,"parent":0,"menu_order":0,"comment_status":"closed","ping_status":"closed","template":"","meta":{"footnotes":""},"_links":{"self":[{"href":"https:\/\/helemaure.fr\/index.php?rest_route=\/wp\/v2\/pages\/574"}],"collection":[{"href":"https:\/\/helemaure.fr\/index.php?rest_route=\/wp\/v2\/pages"}],"about":[{"href":"https:\/\/helemaure.fr\/index.php?rest_route=\/wp\/v2\/types\/page"}],"author":[{"embeddable":true,"href":"https:\/\/helemaure.fr\/index.php?rest_route=\/wp\/v2\/users\/1"}],"replies":[{"embeddable":true,"href":"https:\/\/helemaure.fr\/index.php?rest_route=%2Fwp%2Fv2%2Fcomments&post=574"}],"version-history":[{"count":3,"href":"https:\/\/helemaure.fr\/index.php?rest_route=\/wp\/v2\/pages\/574\/revisions"}],"predecessor-version":[{"id":613,"href":"https:\/\/helemaure.fr\/index.php?rest_route=\/wp\/v2\/pages\/574\/revisions\/613"}],"wp:attachment":[{"href":"https:\/\/helemaure.fr\/index.php?rest_route=%2Fwp%2Fv2%2Fmedia&parent=574"}],"curies":[{"name":"wp","href":"https:\/\/api.w.org\/{rel}","templated":true}]}}