{"id":586,"date":"2016-04-19T14:28:01","date_gmt":"2016-04-19T14:28:01","guid":{"rendered":"http:\/\/helemaure.fr\/?page_id=586"},"modified":"2016-04-19T14:44:26","modified_gmt":"2016-04-19T14:44:26","slug":"la-montagne","status":"publish","type":"page","link":"https:\/\/helemaure.fr\/?page_id=586&lang=fr","title":{"rendered":"La montagne"},"content":{"rendered":"<p style=\"text-align: justify;\"><a href=\"https:\/\/helemaure.fr\/wp-content\/uploads\/2016\/04\/Ski.jpg\"><img loading=\"lazy\" decoding=\"async\" class=\"alignright wp-image-589 size-full\" src=\"https:\/\/helemaure.fr\/wp-content\/themes\/grey-opaque\/plugins\/lazy-load\/images\/1x1.trans.gif\" data-lazy-src=\"https:\/\/helemaure.fr\/wp-content\/uploads\/2016\/04\/Ski.jpg\" alt=\"Montagne\" width=\"225\" height=\"200\" \/><noscript><img loading=\"lazy\" decoding=\"async\" class=\"alignright wp-image-589 size-full\" src=\"https:\/\/helemaure.fr\/wp-content\/uploads\/2016\/04\/Ski.jpg\" alt=\"Montagne\" width=\"225\" height=\"200\" \/><\/noscript><\/a>On l&#8217;oublie souvent mais dans le nom du d\u00e9partement il y a le mot Alpes et ce ne sont pas des petites montagnes puisque le point culminant du d\u00e9partement est \u00e0 plus de 3000 m\u00e8tres.<\/p>\n<p style=\"text-align: justify;\"><a href=\"https:\/\/helemaure.fr\/wp-content\/uploads\/2016\/04\/Neige.gif\"><img loading=\"lazy\" decoding=\"async\" class=\"size-full wp-image-588 alignleft\" src=\"https:\/\/helemaure.fr\/wp-content\/themes\/grey-opaque\/plugins\/lazy-load\/images\/1x1.trans.gif\" data-lazy-src=\"https:\/\/helemaure.fr\/wp-content\/uploads\/2016\/04\/Neige.gif\" alt=\"Neige\" width=\"250\" height=\"171\" \/><noscript><img loading=\"lazy\" decoding=\"async\" class=\"size-full wp-image-588 alignleft\" src=\"https:\/\/helemaure.fr\/wp-content\/uploads\/2016\/04\/Neige.gif\" alt=\"Neige\" width=\"250\" height=\"171\" \/><\/noscript><\/a>En hiver, le ski est \u00e0 moins de trois quarts d&#8217;heures dans les petites stations de <a href=\"http:\/\/station-de-ski-greolieres-les-neiges.com\/\">Greoliere les neiges<\/a> et de <a href=\"http:\/\/www.audibergue.fr\/\">l&#8217;Audibergue<\/a>. Ces stations sont parfaites pour une apr\u00e8s-midi de ski en famille. Et pour les plus entra\u00een\u00e9s les trois stations du Mercantour, <a href=\"http:\/\/hiver.auron.com\/\">Auron<\/a>, <a href=\"http:\/\/hiver.isola2000.com\/la-station\">Isola 2000<\/a> et Valberg n&#8217;on rien \u00e0 envier \u00e0 leurs cons\u0153urs plus au nord.<\/p>\n<p style=\"text-align: justify;\"><a href=\"https:\/\/helemaure.fr\/wp-content\/uploads\/2016\/04\/Verdon.jpg\"><img loading=\"lazy\" decoding=\"async\" class=\"alignright size-medium wp-image-587\" src=\"https:\/\/helemaure.fr\/wp-content\/themes\/grey-opaque\/plugins\/lazy-load\/images\/1x1.trans.gif\" data-lazy-src=\"https:\/\/helemaure.fr\/wp-content\/uploads\/2016\/04\/Verdon-300x201.jpg\" alt=\"Verdon\" width=\"300\" height=\"201\" \/><noscript><img loading=\"lazy\" decoding=\"async\" class=\"alignright size-medium wp-image-587\" src=\"https:\/\/helemaure.fr\/wp-content\/uploads\/2016\/04\/Verdon-300x201.jpg\" alt=\"Verdon\" width=\"300\" height=\"201\" srcset=\"https:\/\/helemaure.fr\/wp-content\/uploads\/2016\/04\/Verdon-300x201.jpg 300w, https:\/\/helemaure.fr\/wp-content\/uploads\/2016\/04\/Verdon.jpg 450w\" sizes=\"(max-width: 300px) 100vw, 300px\" \/><\/noscript><\/a>En \u00e9t\u00e9, la r\u00e9gion regorge de magnifiques randonn\u00e9es. Le parc du Mercantour et le canyon du Verdon en sont les fleurons mais il y a aussi plein de petites balades \u00e0 faire dans la r\u00e9gion parmi lequelles les gorges du loup, le canyon du Cian, et la vall\u00e9e de la Siagne.<\/p>\n","protected":false},"excerpt":{"rendered":"<p>On l&#8217;oublie souvent mais dans le nom du d\u00e9partement il y a le mot Alpes et ce ne sont pas des petites montagnes puisque le point culminant du d\u00e9partement est \u00e0 plus de 3000 m\u00e8tres. En hiver, le ski est &hellip; <a href=\"https:\/\/helemaure.fr\/?page_id=586&#038;lang=fr\">Continue reading <span class=\"meta-nav\">&rarr;<\/span><\/a><\/p>\n","protected":false},"author":1,"featured_media":0,"parent":0,"menu_order":0,"comment_status":"closed","ping_status":"closed","template":"","meta":{"footnotes":""},"_links":{"self":[{"href":"https:\/\/helemaure.fr\/index.php?rest_route=\/wp\/v2\/pages\/586"}],"collection":[{"href":"https:\/\/helemaure.fr\/index.php?rest_route=\/wp\/v2\/pages"}],"about":[{"href":"https:\/\/helemaure.fr\/index.php?rest_route=\/wp\/v2\/types\/page"}],"author":[{"embeddable":true,"href":"https:\/\/helemaure.fr\/index.php?rest_route=\/wp\/v2\/users\/1"}],"replies":[{"embeddable":true,"href":"https:\/\/helemaure.fr\/index.php?rest_route=%2Fwp%2Fv2%2Fcomments&post=586"}],"version-history":[{"count":6,"href":"https:\/\/helemaure.fr\/index.php?rest_route=\/wp\/v2\/pages\/586\/revisions"}],"predecessor-version":[{"id":605,"href":"https:\/\/helemaure.fr\/index.php?rest_route=\/wp\/v2\/pages\/586\/revisions\/605"}],"wp:attachment":[{"href":"https:\/\/helemaure.fr\/index.php?rest_route=%2Fwp%2Fv2%2Fmedia&parent=586"}],"curies":[{"name":"wp","href":"https:\/\/api.w.org\/{rel}","templated":true}]}}