{"id":606,"date":"2016-04-19T14:48:20","date_gmt":"2016-04-19T14:48:20","guid":{"rendered":"http:\/\/helemaure.fr\/?page_id=606"},"modified":"2016-04-19T15:06:21","modified_gmt":"2016-04-19T15:06:21","slug":"les-villages","status":"publish","type":"page","link":"https:\/\/helemaure.fr\/?page_id=606&lang=fr","title":{"rendered":"Les villages"},"content":{"rendered":"<p style=\"text-align: justify;\"><a href=\"https:\/\/helemaure.fr\/wp-content\/uploads\/2016\/04\/Auribeau.jpg\"><img loading=\"lazy\" decoding=\"async\" class=\"alignright wp-image-610 size-medium\" src=\"https:\/\/helemaure.fr\/wp-content\/themes\/grey-opaque\/plugins\/lazy-load\/images\/1x1.trans.gif\" data-lazy-src=\"https:\/\/helemaure.fr\/wp-content\/uploads\/2016\/04\/Auribeau-300x200.jpg\" alt=\"Auribeau\" width=\"300\" height=\"200\" \/><noscript><img loading=\"lazy\" decoding=\"async\" class=\"alignright wp-image-610 size-medium\" src=\"https:\/\/helemaure.fr\/wp-content\/uploads\/2016\/04\/Auribeau-300x200.jpg\" alt=\"Auribeau\" width=\"300\" height=\"200\" srcset=\"https:\/\/helemaure.fr\/wp-content\/uploads\/2016\/04\/Auribeau-300x200.jpg 300w, https:\/\/helemaure.fr\/wp-content\/uploads\/2016\/04\/Auribeau.jpg 448w\" sizes=\"(max-width: 300px) 100vw, 300px\" \/><\/noscript><\/a>Les villages perch\u00e9s de la cote d&#8217;azur sont r\u00e9put\u00e9s et ceux des alpes maritimes sont parmi les plus beaux. \u00a0A quelques kilom\u00e8tres de la maison, ne manquez le superbe village d&#8217;Auribeau fi\u00e8rement camp\u00e9 sur un m\u00e9andre de la Siagne. Vous y passerez une heure agrable \u00e0 vous promener dans les ruelles m\u00e9di\u00e9vales.<\/p>\n<p style=\"text-align: justify;\"><a href=\"https:\/\/helemaure.fr\/wp-content\/uploads\/2016\/04\/Saint-paul.jpg\"><img loading=\"lazy\" decoding=\"async\" class=\"alignleft wp-image-609 size-medium\" src=\"https:\/\/helemaure.fr\/wp-content\/themes\/grey-opaque\/plugins\/lazy-load\/images\/1x1.trans.gif\" data-lazy-src=\"https:\/\/helemaure.fr\/wp-content\/uploads\/2016\/04\/Saint-paul-300x212.jpg\" alt=\"Saint paul\" width=\"300\" height=\"212\" \/><noscript><img loading=\"lazy\" decoding=\"async\" class=\"alignleft wp-image-609 size-medium\" src=\"https:\/\/helemaure.fr\/wp-content\/uploads\/2016\/04\/Saint-paul-300x212.jpg\" alt=\"Saint paul\" width=\"300\" height=\"212\" srcset=\"https:\/\/helemaure.fr\/wp-content\/uploads\/2016\/04\/Saint-paul-300x212.jpg 300w, https:\/\/helemaure.fr\/wp-content\/uploads\/2016\/04\/Saint-paul.jpg 448w\" sizes=\"(max-width: 300px) 100vw, 300px\" \/><\/noscript><\/a>Un peu plus loin et un peu plus haut, Gourdon offre une vue imprenable sur toutes les collines jusqu&#8217;\u00e0 la mer. Quelques kilom\u00e8tres encore et\u00a0Saint Paul de Vence offre ses places ombrag\u00e9es et ses petites rues aux amateurs d&#8217;arts et de souvenirs tandis que Biot propose ses traditionnelles verreries. Encore plus loin, le Mercantour offre des villages incroyablement perch\u00e9s tandis qu&#8217; Eze et Peillon offrent des panoramas magnifiques.<\/p>\n<p style=\"text-align: justify;\"><a href=\"https:\/\/helemaure.fr\/wp-content\/uploads\/2016\/04\/Notre-dame-des-fontaines.jpg\"><img loading=\"lazy\" decoding=\"async\" class=\"alignright size-medium wp-image-611\" src=\"https:\/\/helemaure.fr\/wp-content\/themes\/grey-opaque\/plugins\/lazy-load\/images\/1x1.trans.gif\" data-lazy-src=\"https:\/\/helemaure.fr\/wp-content\/uploads\/2016\/04\/Notre-dame-des-fontaines-300x200.jpg\" alt=\"Notre dame des fontaines\" width=\"300\" height=\"200\" \/><noscript><img loading=\"lazy\" decoding=\"async\" class=\"alignright size-medium wp-image-611\" src=\"https:\/\/helemaure.fr\/wp-content\/uploads\/2016\/04\/Notre-dame-des-fontaines-300x200.jpg\" alt=\"Notre dame des fontaines\" width=\"300\" height=\"200\" srcset=\"https:\/\/helemaure.fr\/wp-content\/uploads\/2016\/04\/Notre-dame-des-fontaines-300x200.jpg 300w, https:\/\/helemaure.fr\/wp-content\/uploads\/2016\/04\/Notre-dame-des-fontaines-768x512.jpg 768w, https:\/\/helemaure.fr\/wp-content\/uploads\/2016\/04\/Notre-dame-des-fontaines.jpg 850w\" sizes=\"(max-width: 300px) 100vw, 300px\" \/><\/noscript><\/a>Enfin les amateurs de fresques iront jusqu&#8217;\u00e0 Notre Dame des fontaines dans la vall\u00e9e de la Roya pour y voir un ensemble de fresques m\u00e9di\u00e9vales sans \u00e9quivalent en France.<\/p>\n","protected":false},"excerpt":{"rendered":"<p>Les villages perch\u00e9s de la cote d&#8217;azur sont r\u00e9put\u00e9s et ceux des alpes maritimes sont parmi les plus beaux. \u00a0A quelques kilom\u00e8tres de la maison, ne manquez le superbe village d&#8217;Auribeau fi\u00e8rement camp\u00e9 sur un m\u00e9andre de la Siagne. Vous &hellip; <a href=\"https:\/\/helemaure.fr\/?page_id=606&#038;lang=fr\">Continue reading <span class=\"meta-nav\">&rarr;<\/span><\/a><\/p>\n","protected":false},"author":1,"featured_media":0,"parent":0,"menu_order":0,"comment_status":"closed","ping_status":"closed","template":"","meta":{"footnotes":""},"_links":{"self":[{"href":"https:\/\/helemaure.fr\/index.php?rest_route=\/wp\/v2\/pages\/606"}],"collection":[{"href":"https:\/\/helemaure.fr\/index.php?rest_route=\/wp\/v2\/pages"}],"about":[{"href":"https:\/\/helemaure.fr\/index.php?rest_route=\/wp\/v2\/types\/page"}],"author":[{"embeddable":true,"href":"https:\/\/helemaure.fr\/index.php?rest_route=\/wp\/v2\/users\/1"}],"replies":[{"embeddable":true,"href":"https:\/\/helemaure.fr\/index.php?rest_route=%2Fwp%2Fv2%2Fcomments&post=606"}],"version-history":[{"count":5,"href":"https:\/\/helemaure.fr\/index.php?rest_route=\/wp\/v2\/pages\/606\/revisions"}],"predecessor-version":[{"id":617,"href":"https:\/\/helemaure.fr\/index.php?rest_route=\/wp\/v2\/pages\/606\/revisions\/617"}],"wp:attachment":[{"href":"https:\/\/helemaure.fr\/index.php?rest_route=%2Fwp%2Fv2%2Fmedia&parent=606"}],"curies":[{"name":"wp","href":"https:\/\/api.w.org\/{rel}","templated":true}]}}