{"id":627,"date":"2016-04-20T07:48:13","date_gmt":"2016-04-20T07:48:13","guid":{"rendered":"http:\/\/helemaure.fr\/?page_id=627"},"modified":"2023-08-29T16:19:34","modified_gmt":"2023-08-29T16:19:34","slug":"les-musees","status":"publish","type":"page","link":"https:\/\/helemaure.fr\/?page_id=627&lang=fr","title":{"rendered":"Les mus\u00e9es"},"content":{"rendered":"<p style=\"text-align: justify;\"><a href=\"https:\/\/helemaure.fr\/wp-content\/uploads\/2016\/04\/Maeght.jpg\"><img loading=\"lazy\" decoding=\"async\" class=\"alignright wp-image-630 size-full\" src=\"https:\/\/helemaure.fr\/wp-content\/themes\/grey-opaque\/plugins\/lazy-load\/images\/1x1.trans.gif\" data-lazy-src=\"https:\/\/helemaure.fr\/wp-content\/uploads\/2016\/04\/Maeght.jpg\" alt=\"Fondation Maeght\" width=\"281\" height=\"180\" \/><noscript><img loading=\"lazy\" decoding=\"async\" class=\"alignright wp-image-630 size-full\" src=\"https:\/\/helemaure.fr\/wp-content\/uploads\/2016\/04\/Maeght.jpg\" alt=\"Fondation Maeght\" width=\"281\" height=\"180\" \/><\/noscript><\/a>La lumi\u00e8re et les couleurs de la m\u00e9diterran\u00e9e ont attir\u00e9 de nombreux peintres et la r\u00e9gion compte de nombreux mus\u00e9es qui t\u00e9moignent de leur passage. Le plus important est la <a href=\"http:\/\/www.fondation-maeght.com\/\" target=\"_blank\" rel=\"noopener\">fondation Maeght<\/a> \u00e0 Vence qui regroupe une des plus importantes collections fran\u00e7aises d&#8217;art moderne et contemporain. La visite de la fondation pourra \u00eatre utilement compl\u00e9t\u00e9e par celle du village de Saint Paul de Vence, juste \u00e0 cot\u00e9.<\/p>\n<p style=\"text-align: justify;\"><a href=\"https:\/\/helemaure.fr\/wp-content\/uploads\/2016\/04\/Fernand-leger.jpg\"><img loading=\"lazy\" decoding=\"async\" class=\"alignleft wp-image-632 size-full\" src=\"https:\/\/helemaure.fr\/wp-content\/themes\/grey-opaque\/plugins\/lazy-load\/images\/1x1.trans.gif\" data-lazy-src=\"https:\/\/helemaure.fr\/wp-content\/uploads\/2016\/04\/Fernand-leger.jpg\" alt=\"Mus\u00e9e Fernand leger\" width=\"273\" height=\"184\" \/><noscript><img loading=\"lazy\" decoding=\"async\" class=\"alignleft wp-image-632 size-full\" src=\"https:\/\/helemaure.fr\/wp-content\/uploads\/2016\/04\/Fernand-leger.jpg\" alt=\"Mus\u00e9e Fernand leger\" width=\"273\" height=\"184\" \/><\/noscript><\/a>Trois\u00a0autres mus\u00e9es sont consacr\u00e9s plus sp\u00e9cifiquement \u00e0 des artistes. <a href=\"https:\/\/www.antibes-juanlespins.com\/culture\/musee-picasso\" target=\"_blank\" rel=\"noopener\">Le mus\u00e9e Picasso<\/a> \u00e0 Antibes, <a href=\"http:\/\/www.musee-matisse-nice.org\/\" target=\"_blank\" rel=\"noopener\">le mus\u00e9e Matisse \u00e0 Nice<\/a> et surtout <a href=\"http:\/\/musees-nationaux-alpesmaritimes.fr\/fleger\/\" target=\"_blank\" rel=\"noopener\">le mus\u00e9e Fernand L\u00e9ger<\/a> \u00e0 Biot. S&#8217;il vous reste du temps, vous pourrez \u00e9galement visiter le mus\u00e9e Bonnard au Cannet.<\/p>\n<p style=\"text-align: justify;\">Et si vous allez visiter Monaco, ne manquez pas de vous arr\u00eater \u00e0 la <a href=\"http:\/\/www.villa-ephrussi.com\/\" target=\"_blank\" rel=\"noopener\">Villa Ephrussi de Rotschild<\/a>, un t\u00e9moignage de la vie des riches aristocrates sur la c\u00f4te au d\u00e9but du vingti\u00e8me si\u00e8cle.<\/p>\n<p style=\"text-align: justify;\"><a href=\"https:\/\/helemaure.fr\/wp-content\/uploads\/2016\/04\/Musee-picasso.jpg\"><img loading=\"lazy\" decoding=\"async\" class=\"alignleft wp-image-635 size-thumbnail\" src=\"https:\/\/helemaure.fr\/wp-content\/themes\/grey-opaque\/plugins\/lazy-load\/images\/1x1.trans.gif\" data-lazy-src=\"https:\/\/helemaure.fr\/wp-content\/uploads\/2016\/04\/Musee-picasso-150x150.jpg\" alt=\"Musee picasso\" width=\"150\" height=\"150\" \/><noscript><img loading=\"lazy\" decoding=\"async\" class=\"alignleft wp-image-635 size-thumbnail\" src=\"https:\/\/helemaure.fr\/wp-content\/uploads\/2016\/04\/Musee-picasso-150x150.jpg\" alt=\"Musee picasso\" width=\"150\" height=\"150\" \/><\/noscript><\/a><a href=\"https:\/\/helemaure.fr\/wp-content\/uploads\/2016\/04\/musee-matisse.jpg\"><img loading=\"lazy\" decoding=\"async\" class=\"alignleft wp-image-637 size-thumbnail\" src=\"https:\/\/helemaure.fr\/wp-content\/themes\/grey-opaque\/plugins\/lazy-load\/images\/1x1.trans.gif\" data-lazy-src=\"https:\/\/helemaure.fr\/wp-content\/uploads\/2016\/04\/musee-matisse-150x150.jpg\" alt=\"musee-matisse\" width=\"150\" height=\"150\" \/><noscript><img loading=\"lazy\" decoding=\"async\" class=\"alignleft wp-image-637 size-thumbnail\" src=\"https:\/\/helemaure.fr\/wp-content\/uploads\/2016\/04\/musee-matisse-150x150.jpg\" alt=\"musee-matisse\" width=\"150\" height=\"150\" \/><\/noscript><\/a><a href=\"https:\/\/helemaure.fr\/wp-content\/uploads\/2016\/04\/Ephrussi.gif\"><img loading=\"lazy\" decoding=\"async\" class=\"alignleft size-thumbnail wp-image-636\" src=\"https:\/\/helemaure.fr\/wp-content\/themes\/grey-opaque\/plugins\/lazy-load\/images\/1x1.trans.gif\" data-lazy-src=\"https:\/\/helemaure.fr\/wp-content\/uploads\/2016\/04\/Ephrussi-150x150.gif\" alt=\"Ephrussi\" width=\"150\" height=\"150\" \/><noscript><img loading=\"lazy\" decoding=\"async\" class=\"alignleft size-thumbnail wp-image-636\" src=\"https:\/\/helemaure.fr\/wp-content\/uploads\/2016\/04\/Ephrussi-150x150.gif\" alt=\"Ephrussi\" width=\"150\" height=\"150\" \/><\/noscript><\/a><\/p>\n","protected":false},"excerpt":{"rendered":"<p>La lumi\u00e8re et les couleurs de la m\u00e9diterran\u00e9e ont attir\u00e9 de nombreux peintres et la r\u00e9gion compte de nombreux mus\u00e9es qui t\u00e9moignent de leur passage. Le plus important est la fondation Maeght \u00e0 Vence qui regroupe une des plus importantes &hellip; <a href=\"https:\/\/helemaure.fr\/?page_id=627&#038;lang=fr\">Continue reading <span class=\"meta-nav\">&rarr;<\/span><\/a><\/p>\n","protected":false},"author":1,"featured_media":0,"parent":0,"menu_order":0,"comment_status":"closed","ping_status":"closed","template":"","meta":{"footnotes":""},"_links":{"self":[{"href":"https:\/\/helemaure.fr\/index.php?rest_route=\/wp\/v2\/pages\/627"}],"collection":[{"href":"https:\/\/helemaure.fr\/index.php?rest_route=\/wp\/v2\/pages"}],"about":[{"href":"https:\/\/helemaure.fr\/index.php?rest_route=\/wp\/v2\/types\/page"}],"author":[{"embeddable":true,"href":"https:\/\/helemaure.fr\/index.php?rest_route=\/wp\/v2\/users\/1"}],"replies":[{"embeddable":true,"href":"https:\/\/helemaure.fr\/index.php?rest_route=%2Fwp%2Fv2%2Fcomments&post=627"}],"version-history":[{"count":7,"href":"https:\/\/helemaure.fr\/index.php?rest_route=\/wp\/v2\/pages\/627\/revisions"}],"predecessor-version":[{"id":987,"href":"https:\/\/helemaure.fr\/index.php?rest_route=\/wp\/v2\/pages\/627\/revisions\/987"}],"wp:attachment":[{"href":"https:\/\/helemaure.fr\/index.php?rest_route=%2Fwp%2Fv2%2Fmedia&parent=627"}],"curies":[{"name":"wp","href":"https:\/\/api.w.org\/{rel}","templated":true}]}}