{"id":63,"date":"2015-06-27T14:27:11","date_gmt":"2015-06-27T14:27:11","guid":{"rendered":"http:\/\/helemaure.fr\/?page_id=63"},"modified":"2015-06-27T15:24:15","modified_gmt":"2015-06-27T15:24:15","slug":"le-salon","status":"publish","type":"page","link":"https:\/\/helemaure.fr\/?page_id=63&lang=fr","title":{"rendered":"Le salon"},"content":{"rendered":"<p style=\"text-align: justify;\"><a href=\"https:\/\/helemaure.fr\/wp-content\/uploads\/2015\/06\/Le-salon-vers-la-terrasse.jpg\"><img loading=\"lazy\" decoding=\"async\" class=\" size-medium wp-image-91 alignright\" src=\"https:\/\/helemaure.fr\/wp-content\/themes\/grey-opaque\/plugins\/lazy-load\/images\/1x1.trans.gif\" data-lazy-src=\"https:\/\/helemaure.fr\/wp-content\/uploads\/2015\/06\/Le-salon-vers-la-terrasse-300x199.jpg\" alt=\"Le salon vers la terrasse\" width=\"300\" height=\"199\" \/><noscript><img loading=\"lazy\" decoding=\"async\" class=\" size-medium wp-image-91 alignright\" src=\"https:\/\/helemaure.fr\/wp-content\/uploads\/2015\/06\/Le-salon-vers-la-terrasse-300x199.jpg\" alt=\"Le salon vers la terrasse\" width=\"300\" height=\"199\" srcset=\"https:\/\/helemaure.fr\/wp-content\/uploads\/2015\/06\/Le-salon-vers-la-terrasse-300x199.jpg 300w, https:\/\/helemaure.fr\/wp-content\/uploads\/2015\/06\/Le-salon-vers-la-terrasse.jpg 640w\" sizes=\"(max-width: 300px) 100vw, 300px\" \/><\/noscript><\/a>Le salon est la pi\u00e8ce principale de la maison et c&#8217;est dans cette pi\u00e8ce que donne l&#8217;entr\u00e9e principale. C&#8217;est une pi\u00e8ce tr\u00e8s conviviale qui comporte une chemin\u00e9e, une installation de home video et un coin repas pouvant accueillir jusqu&#8217;\u00e0 dix personnes. Il donne directement sur <a href=\"https:\/\/helemaure.fr\/?page_id=57\">la terrasse <\/a>par sa porte fen\u00eatre. C&#8217;est \u00e9galement d&#8217;ici que partent les escaliers vers les autres \u00e9tages.<\/p>\n<p>Le salon donne directement sur <a href=\"https:\/\/helemaure.fr\/?page_id=96\">la cuisine principale<\/a>.<\/p>\n<p><a href=\"https:\/\/helemaure.fr\/wp-content\/uploads\/2015\/06\/Le-salon-et-le-coin-repas.jpg\"><img loading=\"lazy\" decoding=\"async\" class=\"alignleft size-medium wp-image-90\" src=\"https:\/\/helemaure.fr\/wp-content\/themes\/grey-opaque\/plugins\/lazy-load\/images\/1x1.trans.gif\" data-lazy-src=\"https:\/\/helemaure.fr\/wp-content\/uploads\/2015\/06\/Le-salon-et-le-coin-repas-300x199.jpg\" alt=\"Le salon et le coin repas\" width=\"300\" height=\"199\" \/><noscript><img loading=\"lazy\" decoding=\"async\" class=\"alignleft size-medium wp-image-90\" src=\"https:\/\/helemaure.fr\/wp-content\/uploads\/2015\/06\/Le-salon-et-le-coin-repas-300x199.jpg\" alt=\"Le salon et le coin repas\" width=\"300\" height=\"199\" srcset=\"https:\/\/helemaure.fr\/wp-content\/uploads\/2015\/06\/Le-salon-et-le-coin-repas-300x199.jpg 300w, https:\/\/helemaure.fr\/wp-content\/uploads\/2015\/06\/Le-salon-et-le-coin-repas.jpg 640w\" sizes=\"(max-width: 300px) 100vw, 300px\" \/><\/noscript><\/a><a href=\"https:\/\/helemaure.fr\/wp-content\/uploads\/2015\/06\/La-chemin\u00e9e.jpg\"><img loading=\"lazy\" decoding=\"async\" class=\"alignleft size-medium wp-image-89\" src=\"https:\/\/helemaure.fr\/wp-content\/themes\/grey-opaque\/plugins\/lazy-load\/images\/1x1.trans.gif\" data-lazy-src=\"https:\/\/helemaure.fr\/wp-content\/uploads\/2015\/06\/La-chemin\u00e9e-199x300.jpg\" alt=\"La chemin\u00e9e\" width=\"199\" height=\"300\" \/><noscript><img loading=\"lazy\" decoding=\"async\" class=\"alignleft size-medium wp-image-89\" src=\"https:\/\/helemaure.fr\/wp-content\/uploads\/2015\/06\/La-chemin\u00e9e-199x300.jpg\" alt=\"La chemin\u00e9e\" width=\"199\" height=\"300\" srcset=\"https:\/\/helemaure.fr\/wp-content\/uploads\/2015\/06\/La-chemin\u00e9e-199x300.jpg 199w, https:\/\/helemaure.fr\/wp-content\/uploads\/2015\/06\/La-chemin\u00e9e.jpg 424w\" sizes=\"(max-width: 199px) 100vw, 199px\" \/><\/noscript><\/a><\/p>\n","protected":false},"excerpt":{"rendered":"<p>Le salon est la pi\u00e8ce principale de la maison et c&#8217;est dans cette pi\u00e8ce que donne l&#8217;entr\u00e9e principale. C&#8217;est une pi\u00e8ce tr\u00e8s conviviale qui comporte une chemin\u00e9e, une installation de home video et un coin repas pouvant accueillir jusqu&#8217;\u00e0 dix &hellip; <a href=\"https:\/\/helemaure.fr\/?page_id=63&#038;lang=fr\">Continue reading <span class=\"meta-nav\">&rarr;<\/span><\/a><\/p>\n","protected":false},"author":1,"featured_media":0,"parent":0,"menu_order":0,"comment_status":"closed","ping_status":"closed","template":"","meta":{"footnotes":""},"_links":{"self":[{"href":"https:\/\/helemaure.fr\/index.php?rest_route=\/wp\/v2\/pages\/63"}],"collection":[{"href":"https:\/\/helemaure.fr\/index.php?rest_route=\/wp\/v2\/pages"}],"about":[{"href":"https:\/\/helemaure.fr\/index.php?rest_route=\/wp\/v2\/types\/page"}],"author":[{"embeddable":true,"href":"https:\/\/helemaure.fr\/index.php?rest_route=\/wp\/v2\/users\/1"}],"replies":[{"embeddable":true,"href":"https:\/\/helemaure.fr\/index.php?rest_route=%2Fwp%2Fv2%2Fcomments&post=63"}],"version-history":[{"count":6,"href":"https:\/\/helemaure.fr\/index.php?rest_route=\/wp\/v2\/pages\/63\/revisions"}],"predecessor-version":[{"id":102,"href":"https:\/\/helemaure.fr\/index.php?rest_route=\/wp\/v2\/pages\/63\/revisions\/102"}],"wp:attachment":[{"href":"https:\/\/helemaure.fr\/index.php?rest_route=%2Fwp%2Fv2%2Fmedia&parent=63"}],"curies":[{"name":"wp","href":"https:\/\/api.w.org\/{rel}","templated":true}]}}