{"id":650,"date":"2016-04-20T08:26:13","date_gmt":"2016-04-20T08:26:13","guid":{"rendered":"http:\/\/helemaure.fr\/?page_id=650"},"modified":"2016-04-20T08:35:08","modified_gmt":"2016-04-20T08:35:08","slug":"les-villes-a-voir","status":"publish","type":"page","link":"https:\/\/helemaure.fr\/?page_id=650&lang=fr","title":{"rendered":"Les villes \u00e0 voir"},"content":{"rendered":"<p style=\"text-align: justify;\"><a href=\"https:\/\/helemaure.fr\/wp-content\/uploads\/2016\/04\/Tapis-rouge.jpg\"><img loading=\"lazy\" decoding=\"async\" class=\"alignright wp-image-651 size-thumbnail\" src=\"https:\/\/helemaure.fr\/wp-content\/themes\/grey-opaque\/plugins\/lazy-load\/images\/1x1.trans.gif\" data-lazy-src=\"https:\/\/helemaure.fr\/wp-content\/uploads\/2016\/04\/Tapis-rouge-150x150.jpg\" alt=\"Tapis rouge\" width=\"150\" height=\"150\" \/><noscript><img loading=\"lazy\" decoding=\"async\" class=\"alignright wp-image-651 size-thumbnail\" src=\"https:\/\/helemaure.fr\/wp-content\/uploads\/2016\/04\/Tapis-rouge-150x150.jpg\" alt=\"Tapis rouge\" width=\"150\" height=\"150\" \/><\/noscript><\/a>Plusieurs villes de la r\u00e9gion m\u00e9ritent la visite et constituent un excellent but de promenade. \u00a0La plus proche est Cannes, c\u00e9l\u00e8bre pour son festival du film ou, chaque ann\u00e9e, les plus grandes stars mondiales viennent chercher la prestigieuse palme d&#8217;or. La ville a d&#8217;autres atouts\u00a0:\u00a0une superbe promenade le long de la mer (la croisette) , de tr\u00e8s belles plages d\u2019h\u00f4tel, de nombreuses boutiques de luxe, \u00a0les excursions aux \u00eeles de L\u00e9rins et une vieille\u00a0ville pleine de charme sur la colline du Suquet.<\/p>\n<p style=\"text-align: justify;\"><a href=\"https:\/\/helemaure.fr\/wp-content\/uploads\/2016\/04\/Nice.jpg\"><img loading=\"lazy\" decoding=\"async\" class=\"alignleft size-thumbnail wp-image-654\" src=\"https:\/\/helemaure.fr\/wp-content\/themes\/grey-opaque\/plugins\/lazy-load\/images\/1x1.trans.gif\" data-lazy-src=\"https:\/\/helemaure.fr\/wp-content\/uploads\/2016\/04\/Nice-150x150.jpg\" alt=\"Nice\" width=\"150\" height=\"150\" \/><noscript><img loading=\"lazy\" decoding=\"async\" class=\"alignleft size-thumbnail wp-image-654\" src=\"https:\/\/helemaure.fr\/wp-content\/uploads\/2016\/04\/Nice-150x150.jpg\" alt=\"Nice\" width=\"150\" height=\"150\" \/><\/noscript><\/a>Moins jet set mais beaucoup plus authentique, la vieille ville de Nice saura vous s\u00e9duire. Perdez vous dans ses rues, admirez ses palais et ne manquez pas le march\u00e9 proven\u00e7al, un peu touristique certes mais tellement plein de saveurs. Montez aussi \u00e0 la citadelle pour admirer la vue sur la ville et la mer. Nice poss\u00e8de aussi plus de quinze mus\u00e9es. il y en a forc\u00e9ment un qui vous int\u00e9ressera.<\/p>\n<p style=\"text-align: justify;\"><a href=\"https:\/\/helemaure.fr\/wp-content\/uploads\/2016\/04\/Frejus.jpg\"><img loading=\"lazy\" decoding=\"async\" class=\"size-thumbnail wp-image-652 alignright\" src=\"https:\/\/helemaure.fr\/wp-content\/themes\/grey-opaque\/plugins\/lazy-load\/images\/1x1.trans.gif\" data-lazy-src=\"https:\/\/helemaure.fr\/wp-content\/uploads\/2016\/04\/Frejus-150x150.jpg\" alt=\"Frejus\" width=\"150\" height=\"150\" \/><noscript><img loading=\"lazy\" decoding=\"async\" class=\"size-thumbnail wp-image-652 alignright\" src=\"https:\/\/helemaure.fr\/wp-content\/uploads\/2016\/04\/Frejus-150x150.jpg\" alt=\"Frejus\" width=\"150\" height=\"150\" \/><\/noscript><\/a>Les amateurs de ruines romaines iront \u00e0 Fr\u00e9jus. L&#8217;ancienne forum Julii, fond\u00e9e par Jules C\u00e9sar en 49 avant JC , fut une des villes majeures de la r\u00e9gion jusqu&#8217;au dix-neuvi\u00e8me si\u00e8cle. Elle conserve de nombreux vestiges romain dont un amphith\u00e9\u00e2tre, un aqueduc et un th\u00e9\u00e2tre. Aller \u00e0 Fr\u00e9jus est enfin l&#8217;occasion de parcourir la magnifique corniche de l\u2019Est\u00e9rel.<\/p>\n<p style=\"text-align: justify;\"><a href=\"https:\/\/helemaure.fr\/wp-content\/uploads\/2016\/04\/Grasse.jpg\"><img loading=\"lazy\" decoding=\"async\" class=\"alignleft size-thumbnail wp-image-653\" src=\"https:\/\/helemaure.fr\/wp-content\/themes\/grey-opaque\/plugins\/lazy-load\/images\/1x1.trans.gif\" data-lazy-src=\"https:\/\/helemaure.fr\/wp-content\/uploads\/2016\/04\/Grasse-150x150.jpg\" alt=\"Grasse\" width=\"150\" height=\"150\" \/><noscript><img loading=\"lazy\" decoding=\"async\" class=\"alignleft size-thumbnail wp-image-653\" src=\"https:\/\/helemaure.fr\/wp-content\/uploads\/2016\/04\/Grasse-150x150.jpg\" alt=\"Grasse\" width=\"150\" height=\"150\" \/><\/noscript><\/a>A 500 m d&#8217;altitude, sur les premiers contreforts des Alpes, Grasse, la capitale mondiale des parfums est une ville ancienne proven\u00e7ale pleine de charme.\u00a0Vous y visiterez les parfumeries, le mus\u00e9e de la Provence et la cath\u00e9drale et vous pourrez y admirer une vue exceptionnelle s&#8217;tendant sur toute la r\u00e9gion jusqu&#8217;\u00e0 la mer.<\/p>\n","protected":false},"excerpt":{"rendered":"<p>Plusieurs villes de la r\u00e9gion m\u00e9ritent la visite et constituent un excellent but de promenade. \u00a0La plus proche est Cannes, c\u00e9l\u00e8bre pour son festival du film ou, chaque ann\u00e9e, les plus grandes stars mondiales viennent chercher la prestigieuse palme d&#8217;or. &hellip; <a href=\"https:\/\/helemaure.fr\/?page_id=650&#038;lang=fr\">Continue reading <span class=\"meta-nav\">&rarr;<\/span><\/a><\/p>\n","protected":false},"author":1,"featured_media":0,"parent":0,"menu_order":0,"comment_status":"closed","ping_status":"closed","template":"","meta":{"footnotes":""},"_links":{"self":[{"href":"https:\/\/helemaure.fr\/index.php?rest_route=\/wp\/v2\/pages\/650"}],"collection":[{"href":"https:\/\/helemaure.fr\/index.php?rest_route=\/wp\/v2\/pages"}],"about":[{"href":"https:\/\/helemaure.fr\/index.php?rest_route=\/wp\/v2\/types\/page"}],"author":[{"embeddable":true,"href":"https:\/\/helemaure.fr\/index.php?rest_route=\/wp\/v2\/users\/1"}],"replies":[{"embeddable":true,"href":"https:\/\/helemaure.fr\/index.php?rest_route=%2Fwp%2Fv2%2Fcomments&post=650"}],"version-history":[{"count":5,"href":"https:\/\/helemaure.fr\/index.php?rest_route=\/wp\/v2\/pages\/650\/revisions"}],"predecessor-version":[{"id":659,"href":"https:\/\/helemaure.fr\/index.php?rest_route=\/wp\/v2\/pages\/650\/revisions\/659"}],"wp:attachment":[{"href":"https:\/\/helemaure.fr\/index.php?rest_route=%2Fwp%2Fv2%2Fmedia&parent=650"}],"curies":[{"name":"wp","href":"https:\/\/api.w.org\/{rel}","templated":true}]}}