{"id":679,"date":"2016-04-20T09:01:39","date_gmt":"2016-04-20T09:01:39","guid":{"rendered":"http:\/\/helemaure.fr\/?page_id=679"},"modified":"2016-04-20T09:01:39","modified_gmt":"2016-04-20T09:01:39","slug":"a-voir-a-faire","status":"publish","type":"page","link":"https:\/\/helemaure.fr\/?page_id=679&lang=fr","title":{"rendered":"A voir \u00e0 faire"},"content":{"rendered":"<p><a href=\"https:\/\/helemaure.fr\/wp-content\/uploads\/2016\/04\/Tourisme.jpg\"><img loading=\"lazy\" decoding=\"async\" class=\"alignright size-thumbnail wp-image-669\" src=\"https:\/\/helemaure.fr\/wp-content\/themes\/grey-opaque\/plugins\/lazy-load\/images\/1x1.trans.gif\" data-lazy-src=\"https:\/\/helemaure.fr\/wp-content\/uploads\/2016\/04\/Tourisme-150x150.jpg\" alt=\"Cannes\" width=\"150\" height=\"150\" \/><noscript><img loading=\"lazy\" decoding=\"async\" class=\"alignright size-thumbnail wp-image-669\" src=\"https:\/\/helemaure.fr\/wp-content\/uploads\/2016\/04\/Tourisme-150x150.jpg\" alt=\"Cannes\" width=\"150\" height=\"150\" \/><\/noscript><\/a>H\u00e9l\u00e9maure est un endroit parfait pour le farniente et la plupart de ses occupants restent tranquilement au bord de la piscine ou dans les hamacs. c&#8217;est dommage car la r\u00e9gion offre \u00e9norm\u00e9ment de choses \u00e0 faire et \u00e0 voir. Voici quelques id\u00e9es:<\/p>\n<ul>\n<li><a href=\"https:\/\/helemaure.fr\/?page_id=574&amp;lang=fr\">La mer<\/a><\/li>\n<li><a href=\"https:\/\/helemaure.fr\/?page_id=586&amp;lang=fr\">La montagne<\/a><\/li>\n<li><a href=\"https:\/\/helemaure.fr\/?page_id=606&amp;lang=fr\">Les villages \u00e0 voir<\/a><\/li>\n<li><a href=\"https:\/\/helemaure.fr\/?page_id=650&amp;lang=fr\">Les villes \u00e0 visiter<\/a><\/li>\n<li><a href=\"https:\/\/helemaure.fr\/?page_id=627&amp;lang=fr\">Les mus\u00e9es des environs<\/a><\/li>\n<\/ul>\n","protected":false},"excerpt":{"rendered":"<p>H\u00e9l\u00e9maure est un endroit parfait pour le farniente et la plupart de ses occupants restent tranquilement au bord de la piscine ou dans les hamacs. c&#8217;est dommage car la r\u00e9gion offre \u00e9norm\u00e9ment de choses \u00e0 faire et \u00e0 voir. Voici &hellip; <a href=\"https:\/\/helemaure.fr\/?page_id=679&#038;lang=fr\">Continue reading <span class=\"meta-nav\">&rarr;<\/span><\/a><\/p>\n","protected":false},"author":1,"featured_media":0,"parent":0,"menu_order":0,"comment_status":"closed","ping_status":"closed","template":"","meta":{"footnotes":""},"_links":{"self":[{"href":"https:\/\/helemaure.fr\/index.php?rest_route=\/wp\/v2\/pages\/679"}],"collection":[{"href":"https:\/\/helemaure.fr\/index.php?rest_route=\/wp\/v2\/pages"}],"about":[{"href":"https:\/\/helemaure.fr\/index.php?rest_route=\/wp\/v2\/types\/page"}],"author":[{"embeddable":true,"href":"https:\/\/helemaure.fr\/index.php?rest_route=\/wp\/v2\/users\/1"}],"replies":[{"embeddable":true,"href":"https:\/\/helemaure.fr\/index.php?rest_route=%2Fwp%2Fv2%2Fcomments&post=679"}],"version-history":[{"count":2,"href":"https:\/\/helemaure.fr\/index.php?rest_route=\/wp\/v2\/pages\/679\/revisions"}],"predecessor-version":[{"id":915,"href":"https:\/\/helemaure.fr\/index.php?rest_route=\/wp\/v2\/pages\/679\/revisions\/915"}],"wp:attachment":[{"href":"https:\/\/helemaure.fr\/index.php?rest_route=%2Fwp%2Fv2%2Fmedia&parent=679"}],"curies":[{"name":"wp","href":"https:\/\/api.w.org\/{rel}","templated":true}]}}