{"id":729,"date":"2016-04-21T08:43:32","date_gmt":"2016-04-21T08:43:32","guid":{"rendered":"http:\/\/helemaure.fr\/?page_id=729"},"modified":"2016-04-21T08:49:37","modified_gmt":"2016-04-21T08:49:37","slug":"comment-venir","status":"publish","type":"page","link":"https:\/\/helemaure.fr\/?page_id=729&lang=fr","title":{"rendered":"Comment venir ?"},"content":{"rendered":"<p style=\"text-align: justify;\"><a href=\"https:\/\/helemaure.fr\/wp-content\/uploads\/2016\/04\/Image-transport.jpg\"><img loading=\"lazy\" decoding=\"async\" class=\"alignright wp-image-731 size-medium\" src=\"https:\/\/helemaure.fr\/wp-content\/themes\/grey-opaque\/plugins\/lazy-load\/images\/1x1.trans.gif\" data-lazy-src=\"https:\/\/helemaure.fr\/wp-content\/uploads\/2016\/04\/Image-transport-300x140.jpg\" alt=\"Image transport\" width=\"300\" height=\"140\" \/><noscript><img loading=\"lazy\" decoding=\"async\" class=\"alignright wp-image-731 size-medium\" src=\"https:\/\/helemaure.fr\/wp-content\/uploads\/2016\/04\/Image-transport-300x140.jpg\" alt=\"Image transport\" width=\"300\" height=\"140\" srcset=\"https:\/\/helemaure.fr\/wp-content\/uploads\/2016\/04\/Image-transport-300x140.jpg 300w, https:\/\/helemaure.fr\/wp-content\/uploads\/2016\/04\/Image-transport.jpg 500w\" sizes=\"(max-width: 300px) 100vw, 300px\" \/><\/noscript><\/a>En voiture: Prendre l&#8217;autoroute A8 sortie 41 la Bocca, et aller \u00e0 P\u00e9gomas. A p\u00e9gomas, sortir sur la D9\u00a0vers Auribeau sur Siagne. A partir de\u00a0la sortie du village, vous devez toujours monter. Au premier col, prendre \u00e0 droite la rue en pente raide (chemin de la tuili\u00e8re) . En haut de la pente, au second col, prendre \u00e0 gauche a cot\u00e9 du cypr\u00e8s. La maison est la grande grille en haut de la rue.<\/p>\n<p style=\"text-align: justify;\">En train: Gare de Cannes puis bus 610 (Grasse par Pegomas) Arr\u00eat la Tuili\u00e8re.<\/p>\n<p style=\"text-align: justify;\">En Avion: A\u00e9roport de Nice Cote d&#8217;azur. De l\u00e0 on peut rejoindre Cannes ou louer une voiture.<\/p>\n","protected":false},"excerpt":{"rendered":"<p>En voiture: Prendre l&#8217;autoroute A8 sortie 41 la Bocca, et aller \u00e0 P\u00e9gomas. A p\u00e9gomas, sortir sur la D9\u00a0vers Auribeau sur Siagne. A partir de\u00a0la sortie du village, vous devez toujours monter. Au premier col, prendre \u00e0 droite la rue &hellip; <a href=\"https:\/\/helemaure.fr\/?page_id=729&#038;lang=fr\">Continue reading <span class=\"meta-nav\">&rarr;<\/span><\/a><\/p>\n","protected":false},"author":1,"featured_media":0,"parent":0,"menu_order":0,"comment_status":"closed","ping_status":"closed","template":"","meta":{"footnotes":""},"_links":{"self":[{"href":"https:\/\/helemaure.fr\/index.php?rest_route=\/wp\/v2\/pages\/729"}],"collection":[{"href":"https:\/\/helemaure.fr\/index.php?rest_route=\/wp\/v2\/pages"}],"about":[{"href":"https:\/\/helemaure.fr\/index.php?rest_route=\/wp\/v2\/types\/page"}],"author":[{"embeddable":true,"href":"https:\/\/helemaure.fr\/index.php?rest_route=\/wp\/v2\/users\/1"}],"replies":[{"embeddable":true,"href":"https:\/\/helemaure.fr\/index.php?rest_route=%2Fwp%2Fv2%2Fcomments&post=729"}],"version-history":[{"count":5,"href":"https:\/\/helemaure.fr\/index.php?rest_route=\/wp\/v2\/pages\/729\/revisions"}],"predecessor-version":[{"id":735,"href":"https:\/\/helemaure.fr\/index.php?rest_route=\/wp\/v2\/pages\/729\/revisions\/735"}],"wp:attachment":[{"href":"https:\/\/helemaure.fr\/index.php?rest_route=%2Fwp%2Fv2%2Fmedia&parent=729"}],"curies":[{"name":"wp","href":"https:\/\/api.w.org\/{rel}","templated":true}]}}