{"id":740,"date":"2016-04-21T09:55:13","date_gmt":"2016-04-21T09:55:13","guid":{"rendered":"http:\/\/helemaure.fr\/?page_id=740"},"modified":"2016-06-01T15:24:00","modified_gmt":"2016-06-01T15:24:00","slug":"questions-frequentes","status":"publish","type":"page","link":"https:\/\/helemaure.fr\/?page_id=740&lang=fr","title":{"rendered":"Questions fr\u00e9quentes :"},"content":{"rendered":"<p><a href=\"https:\/\/helemaure.fr\/wp-content\/uploads\/2016\/04\/faq.jpg\"><img loading=\"lazy\" decoding=\"async\" class=\"alignright wp-image-741 size-medium\" src=\"https:\/\/helemaure.fr\/wp-content\/themes\/grey-opaque\/plugins\/lazy-load\/images\/1x1.trans.gif\" data-lazy-src=\"https:\/\/helemaure.fr\/wp-content\/uploads\/2016\/04\/faq-300x200.jpg\" alt=\"FAQ image\" width=\"300\" height=\"200\" \/><noscript><img loading=\"lazy\" decoding=\"async\" class=\"alignright wp-image-741 size-medium\" src=\"https:\/\/helemaure.fr\/wp-content\/uploads\/2016\/04\/faq-300x200.jpg\" alt=\"FAQ image\" width=\"300\" height=\"200\" srcset=\"https:\/\/helemaure.fr\/wp-content\/uploads\/2016\/04\/faq-300x200.jpg 300w, https:\/\/helemaure.fr\/wp-content\/uploads\/2016\/04\/faq-768x512.jpg 768w, https:\/\/helemaure.fr\/wp-content\/uploads\/2016\/04\/faq-1024x682.jpg 1024w, https:\/\/helemaure.fr\/wp-content\/uploads\/2016\/04\/faq.jpg 1732w\" sizes=\"(max-width: 300px) 100vw, 300px\" \/><\/noscript><\/a><\/p>\n<p style=\"text-align: justify;\"><strong>La maison poss\u00e8de elle le wifi ?<\/strong> \u00a0 Oui. Le wifi couvre l&#8217;int\u00e9gralit\u00e9 de la maison et une partie du jardin. Vu la taille de la propri\u00e9t\u00e9 en revanche, il ne porte pas sur l&#8217;ensemble du terrain.<\/p>\n<p style=\"text-align: justify;\"><strong>Combien de personnes peuvent loger dans la maison ?<\/strong>\u00a0Il \u00a0y a six chambres et un canap\u00e9 convertible dans la grande salle. Au total, la maison offre des lits pour 16 personnes et un b\u00e9b\u00e9.<\/p>\n<p style=\"text-align: justify;\"><strong>Quelle est la dur\u00e9e minimale de location ?<\/strong> Une semaine en haute saison et cinq jours en basse saison.<\/p>\n<p style=\"text-align: justify;\"><strong>La piscine est elle prot\u00e9g\u00e9e ?<\/strong> Oui le portillon d&#8217;acc\u00e8s ferme \u00e0 clef et il y a une alarme mais cela ne remplace pas la prudence.<\/p>\n<p style=\"text-align: justify;\"><strong>Peut on fumer ?<\/strong> Oui dans la maison, sur la terrasse et sur les plages de\u00a0la piscine. En revanche il est interdit de fumer l\u00e0 o\u00f9 le sol est en herbe. Ne sous estimez pas le risque d&#8217;incendie. dans le m\u00eame esprit, les torches sont interdites et les feux dans la chemin\u00e9e ne sont possibles que d&#8217;octobre \u00e0 avril.<\/p>\n<p style=\"text-align: justify;\"><strong>Acceptons nous les animaux ?<\/strong> Bien sur mais la propri\u00e9t\u00e9 n&#8217;est pas ferm\u00e9e. Si votre animal est aventureux, veillez \u00e0 l&#8217;attacher.<\/p>\n<p>&nbsp;<\/p>\n","protected":false},"excerpt":{"rendered":"<p>La maison poss\u00e8de elle le wifi ? \u00a0 Oui. Le wifi couvre l&#8217;int\u00e9gralit\u00e9 de la maison et une partie du jardin. Vu la taille de la propri\u00e9t\u00e9 en revanche, il ne porte pas sur l&#8217;ensemble du terrain. Combien de personnes &hellip; <a href=\"https:\/\/helemaure.fr\/?page_id=740&#038;lang=fr\">Continue reading <span class=\"meta-nav\">&rarr;<\/span><\/a><\/p>\n","protected":false},"author":1,"featured_media":0,"parent":0,"menu_order":0,"comment_status":"closed","ping_status":"closed","template":"","meta":{"footnotes":""},"_links":{"self":[{"href":"https:\/\/helemaure.fr\/index.php?rest_route=\/wp\/v2\/pages\/740"}],"collection":[{"href":"https:\/\/helemaure.fr\/index.php?rest_route=\/wp\/v2\/pages"}],"about":[{"href":"https:\/\/helemaure.fr\/index.php?rest_route=\/wp\/v2\/types\/page"}],"author":[{"embeddable":true,"href":"https:\/\/helemaure.fr\/index.php?rest_route=\/wp\/v2\/users\/1"}],"replies":[{"embeddable":true,"href":"https:\/\/helemaure.fr\/index.php?rest_route=%2Fwp%2Fv2%2Fcomments&post=740"}],"version-history":[{"count":7,"href":"https:\/\/helemaure.fr\/index.php?rest_route=\/wp\/v2\/pages\/740\/revisions"}],"predecessor-version":[{"id":801,"href":"https:\/\/helemaure.fr\/index.php?rest_route=\/wp\/v2\/pages\/740\/revisions\/801"}],"wp:attachment":[{"href":"https:\/\/helemaure.fr\/index.php?rest_route=%2Fwp%2Fv2%2Fmedia&parent=740"}],"curies":[{"name":"wp","href":"https:\/\/api.w.org\/{rel}","templated":true}]}}