{"id":831,"date":"2018-04-14T08:51:44","date_gmt":"2018-04-14T08:51:44","guid":{"rendered":"http:\/\/helemaure.fr\/?page_id=831"},"modified":"2018-04-14T08:54:02","modified_gmt":"2018-04-14T08:54:02","slug":"kinderland","status":"publish","type":"page","link":"https:\/\/helemaure.fr\/?page_id=831&lang=fr","title":{"rendered":"Kinderland"},"content":{"rendered":"<p style=\"text-align: justify;\"><a href=\"https:\/\/helemaure.fr\/wp-content\/uploads\/2018\/04\/Kinderland.jpg\"><img loading=\"lazy\" decoding=\"async\" class=\"alignright size-medium wp-image-832\" src=\"https:\/\/helemaure.fr\/wp-content\/themes\/grey-opaque\/plugins\/lazy-load\/images\/1x1.trans.gif\" data-lazy-src=\"https:\/\/helemaure.fr\/wp-content\/uploads\/2018\/04\/Kinderland-300x191.jpg\" alt=\"Kinderland\" width=\"300\" height=\"191\" \/><noscript><img loading=\"lazy\" decoding=\"async\" class=\"alignright size-medium wp-image-832\" src=\"https:\/\/helemaure.fr\/wp-content\/uploads\/2018\/04\/Kinderland-300x191.jpg\" alt=\"Kinderland\" width=\"300\" height=\"191\" srcset=\"https:\/\/helemaure.fr\/wp-content\/uploads\/2018\/04\/Kinderland-300x191.jpg 300w, https:\/\/helemaure.fr\/wp-content\/uploads\/2018\/04\/Kinderland-768x489.jpg 768w, https:\/\/helemaure.fr\/wp-content\/uploads\/2018\/04\/Kinderland.jpg 800w\" sizes=\"(max-width: 300px) 100vw, 300px\" \/><\/noscript><\/a>Kinderland est l&#8217;endroit\u00a0 o\u00f9 les enfants et les adolescents vont passer leurs soir\u00e9es quand la famille est r\u00e9unie.\u00a0 C&#8217;est une des d\u00e9pendances de la maison. Elle comprend un grand canap\u00e9, une installation son et lumi\u00e8re compl\u00e8te, des jeux vid\u00e9os,\u00a0 et une mezzanine avec un couchage pour 2 personnes.<\/p>\n<p>Kinderland n&#8217;est pas lou\u00e9e avec la maison.<\/p>\n<p><a href=\"https:\/\/helemaure.fr\/wp-content\/uploads\/2018\/04\/Interieur-de-Kinderland.jpg\"><img loading=\"lazy\" decoding=\"async\" class=\"alignleft size-medium wp-image-833\" src=\"https:\/\/helemaure.fr\/wp-content\/themes\/grey-opaque\/plugins\/lazy-load\/images\/1x1.trans.gif\" data-lazy-src=\"https:\/\/helemaure.fr\/wp-content\/uploads\/2018\/04\/Interieur-de-Kinderland-200x300.jpg\" alt=\"\" width=\"200\" height=\"300\" \/><noscript><img loading=\"lazy\" decoding=\"async\" class=\"alignleft size-medium wp-image-833\" src=\"https:\/\/helemaure.fr\/wp-content\/uploads\/2018\/04\/Interieur-de-Kinderland-200x300.jpg\" alt=\"\" width=\"200\" height=\"300\" srcset=\"https:\/\/helemaure.fr\/wp-content\/uploads\/2018\/04\/Interieur-de-Kinderland-200x300.jpg 200w, https:\/\/helemaure.fr\/wp-content\/uploads\/2018\/04\/Interieur-de-Kinderland.jpg 298w\" sizes=\"(max-width: 200px) 100vw, 200px\" \/><\/noscript><\/a><\/p>\n<p>&nbsp;<\/p>\n","protected":false},"excerpt":{"rendered":"<p>Kinderland est l&#8217;endroit\u00a0 o\u00f9 les enfants et les adolescents vont passer leurs soir\u00e9es quand la famille est r\u00e9unie.\u00a0 C&#8217;est une des d\u00e9pendances de la maison. Elle comprend un grand canap\u00e9, une installation son et lumi\u00e8re compl\u00e8te, des jeux vid\u00e9os,\u00a0 et &hellip; <a href=\"https:\/\/helemaure.fr\/?page_id=831&#038;lang=fr\">Continue reading <span class=\"meta-nav\">&rarr;<\/span><\/a><\/p>\n","protected":false},"author":1,"featured_media":0,"parent":0,"menu_order":0,"comment_status":"closed","ping_status":"closed","template":"","meta":{"footnotes":""},"_links":{"self":[{"href":"https:\/\/helemaure.fr\/index.php?rest_route=\/wp\/v2\/pages\/831"}],"collection":[{"href":"https:\/\/helemaure.fr\/index.php?rest_route=\/wp\/v2\/pages"}],"about":[{"href":"https:\/\/helemaure.fr\/index.php?rest_route=\/wp\/v2\/types\/page"}],"author":[{"embeddable":true,"href":"https:\/\/helemaure.fr\/index.php?rest_route=\/wp\/v2\/users\/1"}],"replies":[{"embeddable":true,"href":"https:\/\/helemaure.fr\/index.php?rest_route=%2Fwp%2Fv2%2Fcomments&post=831"}],"version-history":[{"count":3,"href":"https:\/\/helemaure.fr\/index.php?rest_route=\/wp\/v2\/pages\/831\/revisions"}],"predecessor-version":[{"id":836,"href":"https:\/\/helemaure.fr\/index.php?rest_route=\/wp\/v2\/pages\/831\/revisions\/836"}],"wp:attachment":[{"href":"https:\/\/helemaure.fr\/index.php?rest_route=%2Fwp%2Fv2%2Fmedia&parent=831"}],"curies":[{"name":"wp","href":"https:\/\/api.w.org\/{rel}","templated":true}]}}