{"id":913,"date":"2021-04-19T08:01:30","date_gmt":"2021-04-19T08:01:30","guid":{"rendered":"http:\/\/helemaure.fr\/?page_id=913"},"modified":"2021-04-19T08:39:51","modified_gmt":"2021-04-19T08:39:51","slug":"__trashed","status":"publish","type":"page","link":"https:\/\/helemaure.fr\/?page_id=913&lang=fr","title":{"rendered":"Au printemps"},"content":{"rendered":"\n<p>Au printemps Helemaure devient un tapis de fleurs. Les oiseaux reviennent et tout se met en place pour la saison \u00e0 venir.&nbsp; Cette vid\u00e9o \u00e9voque ce moment en mettant en valeur certaines nuances.\n\n<iframe loading=\"lazy\" width=\"700\" height=\"393\" src=\"https:\/\/www.youtube.com\/embed\/jvhqDjzzCdk?autoplay=1;start=2\" title=\"SYmphony in purple\" frameborder=\"0\" allow=\"accelerometer; autoplay; clipboard-write; encrypted-media; gyroscope; picture-in-picture\" allowfullscreen=\"\"><\/iframe>\n<\/p>\n\n\n","protected":false},"excerpt":{"rendered":"<p>Au printemps Helemaure devient un tapis de fleurs. Les oiseaux reviennent et tout se met en place pour la saison \u00e0 venir.&nbsp; Cette vid\u00e9o \u00e9voque ce moment en mettant en valeur certaines nuances.<\/p>\n","protected":false},"author":1,"featured_media":0,"parent":0,"menu_order":0,"comment_status":"closed","ping_status":"closed","template":"","meta":{"footnotes":""},"_links":{"self":[{"href":"https:\/\/helemaure.fr\/index.php?rest_route=\/wp\/v2\/pages\/913"}],"collection":[{"href":"https:\/\/helemaure.fr\/index.php?rest_route=\/wp\/v2\/pages"}],"about":[{"href":"https:\/\/helemaure.fr\/index.php?rest_route=\/wp\/v2\/types\/page"}],"author":[{"embeddable":true,"href":"https:\/\/helemaure.fr\/index.php?rest_route=\/wp\/v2\/users\/1"}],"replies":[{"embeddable":true,"href":"https:\/\/helemaure.fr\/index.php?rest_route=%2Fwp%2Fv2%2Fcomments&post=913"}],"version-history":[{"count":10,"href":"https:\/\/helemaure.fr\/index.php?rest_route=\/wp\/v2\/pages\/913\/revisions"}],"predecessor-version":[{"id":932,"href":"https:\/\/helemaure.fr\/index.php?rest_route=\/wp\/v2\/pages\/913\/revisions\/932"}],"wp:attachment":[{"href":"https:\/\/helemaure.fr\/index.php?rest_route=%2Fwp%2Fv2%2Fmedia&parent=913"}],"curies":[{"name":"wp","href":"https:\/\/api.w.org\/{rel}","templated":true}]}}