{"id":96,"date":"2015-06-27T15:19:11","date_gmt":"2015-06-27T15:19:11","guid":{"rendered":"http:\/\/helemaure.fr\/?page_id=96"},"modified":"2015-06-27T15:34:02","modified_gmt":"2015-06-27T15:34:02","slug":"la-cuisine-principale","status":"publish","type":"page","link":"https:\/\/helemaure.fr\/?page_id=96&lang=fr","title":{"rendered":"La cuisine principale"},"content":{"rendered":"<p><a href=\"https:\/\/helemaure.fr\/wp-content\/uploads\/2015\/06\/Cuisine.jpg\"><img loading=\"lazy\" decoding=\"async\" class=\"alignright wp-image-88 size-medium\" src=\"https:\/\/helemaure.fr\/wp-content\/themes\/grey-opaque\/plugins\/lazy-load\/images\/1x1.trans.gif\" data-lazy-src=\"https:\/\/helemaure.fr\/wp-content\/uploads\/2015\/06\/Cuisine-300x225.jpg\" alt=\"Cuisine\" width=\"300\" height=\"225\" \/><noscript><img loading=\"lazy\" decoding=\"async\" class=\"alignright wp-image-88 size-medium\" src=\"https:\/\/helemaure.fr\/wp-content\/uploads\/2015\/06\/Cuisine-300x225.jpg\" alt=\"Cuisine\" width=\"300\" height=\"225\" srcset=\"https:\/\/helemaure.fr\/wp-content\/uploads\/2015\/06\/Cuisine-300x225.jpg 300w, https:\/\/helemaure.fr\/wp-content\/uploads\/2015\/06\/Cuisine.jpg 600w\" sizes=\"(max-width: 300px) 100vw, 300px\" \/><\/noscript><\/a>La cuisine principale donne directement sur <a href=\"https:\/\/helemaure.fr\/?page_id=63\">le salon<\/a>. Elle comprend<\/p>\n<ul>\n<li>Un r\u00e9frig\u00e9rateur<\/li>\n<li>Un cong\u00e9lateur<\/li>\n<li>Un four<\/li>\n<li>Un micro onde<\/li>\n<li>Un lave vaisselle<\/li>\n<li>Et de nombreux ustensiles (robot, cafeti\u00e8re&#8230<img decoding=\"async\" src=\"https:\/\/helemaure.fr\/wp-content\/themes\/grey-opaque\/plugins\/lazy-load\/images\/1x1.trans.gif\" data-lazy-src=\"https:\/\/helemaure.fr\/wp-content\/themes\/grey-opaque\/images\/smilies\/icon_wink.gif\" alt=\"Smilie: ;)\" title=\"Smilie: ;)\" \/><noscript><img decoding=\"async\" src=\"https:\/\/helemaure.fr\/wp-content\/themes\/grey-opaque\/images\/smilies\/icon_wink.gif\" alt=\"Smilie: ;)\" title=\"Smilie: ;)\" \/><\/noscript><\/li>\n<\/ul>\n","protected":false},"excerpt":{"rendered":"<p>La cuisine principale donne directement sur le salon. Elle comprend Un r\u00e9frig\u00e9rateur Un cong\u00e9lateur Un four Un micro onde Un lave vaisselle Et de nombreux ustensiles (robot, cafeti\u00e8re&#038;#8230<\/p>\n","protected":false},"author":1,"featured_media":0,"parent":0,"menu_order":0,"comment_status":"closed","ping_status":"closed","template":"","meta":{"footnotes":""},"_links":{"self":[{"href":"https:\/\/helemaure.fr\/index.php?rest_route=\/wp\/v2\/pages\/96"}],"collection":[{"href":"https:\/\/helemaure.fr\/index.php?rest_route=\/wp\/v2\/pages"}],"about":[{"href":"https:\/\/helemaure.fr\/index.php?rest_route=\/wp\/v2\/types\/page"}],"author":[{"embeddable":true,"href":"https:\/\/helemaure.fr\/index.php?rest_route=\/wp\/v2\/users\/1"}],"replies":[{"embeddable":true,"href":"https:\/\/helemaure.fr\/index.php?rest_route=%2Fwp%2Fv2%2Fcomments&post=96"}],"version-history":[{"count":3,"href":"https:\/\/helemaure.fr\/index.php?rest_route=\/wp\/v2\/pages\/96\/revisions"}],"predecessor-version":[{"id":111,"href":"https:\/\/helemaure.fr\/index.php?rest_route=\/wp\/v2\/pages\/96\/revisions\/111"}],"wp:attachment":[{"href":"https:\/\/helemaure.fr\/index.php?rest_route=%2Fwp%2Fv2%2Fmedia&parent=96"}],"curies":[{"name":"wp","href":"https:\/\/api.w.org\/{rel}","templated":true}]}}